{"id":860,"date":"2020-06-15T10:24:52","date_gmt":"2020-06-15T08:24:52","guid":{"rendered":"https:\/\/www.letimbreclassique.com\/team\/"},"modified":"2025-12-01T09:59:38","modified_gmt":"2025-12-01T08:59:38","slug":"team","status":"publish","type":"page","link":"https:\/\/www.letimbreclassique.com\/de\/team\/","title":{"rendered":"Team"},"content":{"rendered":"<p>[et_pb_section fb_built=&#8220;1&#8243; _builder_version=&#8220;4.16&#8243; background_color=&#8220;#323a43&#8243; custom_padding=&#8220;20px||20px||false|false&#8220; global_colors_info=&#8220;{}&#8220;][et_pb_row custom_padding_last_edited=&#8220;on|tablet&#8220; _builder_version=&#8220;4.16&#8243; custom_padding=&#8220;|80px||80px|false|true&#8220; custom_padding_tablet=&#8220;|0px||0px|false|true&#8220; custom_padding_phone=&#8220;&#8220; global_colors_info=&#8220;{}&#8220;][et_pb_column type=&#8220;4_4&#8243; _builder_version=&#8220;4.16&#8243; global_colors_info=&#8220;{}&#8220;][et_pb_text _builder_version=&#8220;4.16&#8243; header_text_color=&#8220;#cdba6d&#8220; global_colors_info=&#8220;{}&#8220;]<\/p>\n<h1>Team<\/h1>\n<p>[\/et_pb_text][\/et_pb_column][\/et_pb_row][\/et_pb_section][et_pb_section fb_built=&#8220;1&#8243; _builder_version=&#8220;4.16&#8243; global_colors_info=&#8220;{}&#8220;][et_pb_row column_structure=&#8220;1_2,1_2&#8243; custom_padding_last_edited=&#8220;on|phone&#8220; _builder_version=&#8220;4.16&#8243; custom_padding=&#8220;|80px||80px|false|true&#8220; custom_padding_tablet=&#8220;|0px||0px|false|true&#8220; custom_padding_phone=&#8220;&#8220; global_colors_info=&#8220;{}&#8220;][et_pb_column type=&#8220;1_2&#8243; _builder_version=&#8220;4.16&#8243; global_colors_info=&#8220;{}&#8220;][et_pb_team_member name=&#8220;Anders Thorell&#8220; position=&#8220;Direktor &#8220; image_url=&#8220;https:\/\/www.letimbreclassique.com\/wp-content\/uploads\/2024\/04\/anders.jpg&#8220; _builder_version=&#8220;4.23.4&#8243; header_text_align=&#8220;center&#8220; position_text_align=&#8220;center&#8220; header_text_align_tablet=&#8220;left&#8220; header_text_align_phone=&#8220;center&#8220; header_text_align_last_edited=&#8220;on|phone&#8220; position_text_align_tablet=&#8220;left&#8220; position_text_align_phone=&#8220;center&#8220; position_text_align_last_edited=&#8220;on|phone&#8220; global_colors_info=&#8220;{}&#8220;]<\/p>\n<p><span>Diplomierter Buchhalter, Philatelist und Auktionator mit \u00fcber 30 Jahren Erfahrung in der internationalen Philatelie. Er \u00fcbernahm das Unternehmen nach dem Ableben des Firmengr\u00fcnders Albert Cohen Sabban. Anders\u2018 umfangreiche Expertise mit philatelistischen Auktionen umfasst europ\u00e4ische M\u00e4rkte wie Frankreich, Schweiz, Deutschland, Spanien und auch der USA. Vor der Firmen\u00fcbernahme von Le Timbre Classique war er 25 Jahre in f\u00fchrender Position bei David Feldman S.A. in Genf t\u00e4tig.<\/span><\/p>\n<p><span>Er ist Mitglied des franz\u00f6sisch nationalen Briefmarkenh\u00e4ndlerverbands, des Schweizer Briefmarkenh\u00e4ndlerverbands, sowie der IFSDA (Internationale Stamp Dealers\u2019 Association), Mitglied der Acad\u00e9mie Europ\u00e9enne de Philatelie sowie der Royal Philatelic Society of London.<\/span><\/p>\n<p><span>Sprachen: Franz\u00f6sisch, Englisch, Deutsch, Schwedisch und Spanisch.<\/span><\/p>\n<p>[\/et_pb_team_member][\/et_pb_column][et_pb_column type=&#8220;1_2&#8243; _builder_version=&#8220;4.16&#8243; global_colors_info=&#8220;{}&#8220;][et_pb_team_member name=&#8220;Ga\u00ebl Caron&#8220; position=&#8220;Direktor &#8220; image_url=&#8220;https:\/\/www.letimbreclassique.com\/wp-content\/uploads\/2024\/04\/gael.jpg&#8220; _builder_version=&#8220;4.23.4&#8243; header_text_align=&#8220;center&#8220; position_text_align=&#8220;center&#8220; header_text_align_tablet=&#8220;left&#8220; header_text_align_phone=&#8220;center&#8220; header_text_align_last_edited=&#8220;on|phone&#8220; position_text_align_tablet=&#8220;left&#8220; position_text_align_phone=&#8220;center&#8220; position_text_align_last_edited=&#8220;on|phone&#8220; global_colors_info=&#8220;{}&#8220;]<\/p>\n<p>Ein lebenslanger Sammler und Absolvent des Commercial Institute of Nancy, mit Schwerpunkt in Wirtschaftspr\u00fcfung und Finanzen, arbeitete 4 Jahre lang in der Bankbranche in Luxemburg, bevor er dem Auktionshaus David Feldman SA beitrat, f\u00fcr das er w\u00e4hrend 17 Jahren den franz\u00f6sischen, belgischen und luxemburgischen Markt verantwortete. Ga\u00ebl war viele Jahre lang als Direktor im Vorstand bei David Feldman SA und hat zahlreiche Auktionen abgehalten. <span> <\/span><\/p>\n<p>Sein beruflicher Werdegang hat es ihm erlaubt, umfassendes philatelistisches Fachwissen zu erwerben, welches sich auf die ganze Welt erstreckt, nicht nur im Bereich Briefmarken, sondern auch f\u00fcr Postgeschichte.<\/p>\n<p>Er sammelt privat Briefmarken aus dem Departement Jura und arbeitet an der Ver\u00f6ffentlichung eines Buches zu diesem Thema.<span> <\/span><\/p>\n<p>Er sammelt auch die Postgeschichte des Herzogtums Savoyen sowie die kleinen und gro\u00dfen Ziffernstempel auf Briefen aus den Departements Savoyen und Hochsavoyen.<\/p>\n<p>Neben Franz\u00f6sisch spricht er Englisch und Deutsch.<\/p>\n<p><span> <\/span><\/p>\n<p>[\/et_pb_team_member][\/et_pb_column][\/et_pb_row][et_pb_row column_structure=&#8220;1_2,1_2&#8243; _builder_version=&#8220;4.23.4&#8243; _module_preset=&#8220;default&#8220; global_colors_info=&#8220;{}&#8220;][et_pb_column type=&#8220;1_2&#8243; _builder_version=&#8220;4.23.4&#8243; _module_preset=&#8220;default&#8220; global_colors_info=&#8220;{}&#8220;][et_pb_team_member name=&#8220;Isabelle Simon&#8220; position=&#8220;Gesch\u00e4fstsf\u00fchrungsassistent&#8220; image_url=&#8220;https:\/\/www.letimbreclassique.com\/wp-content\/uploads\/2024\/04\/isabelle.jpg&#8220; _builder_version=&#8220;4.27.4&#8243; header_text_align=&#8220;center&#8220; position_text_align=&#8220;center&#8220; header_text_align_tablet=&#8220;left&#8220; header_text_align_phone=&#8220;center&#8220; header_text_align_last_edited=&#8220;on|phone&#8220; position_text_align_tablet=&#8220;left&#8220; position_text_align_phone=&#8220;center&#8220; position_text_align_last_edited=&#8220;on|phone&#8220; global_colors_info=&#8220;{}&#8220;][\/et_pb_team_member][et_pb_team_member name=&#8220;St\u00e9phanie Carruggi&#8220; position=&#8220;Sekret\u00e4r&#8220; image_url=&#8220;https:\/\/www.letimbreclassique.com\/wp-content\/uploads\/2024\/04\/stephanie.jpg&#8220; _builder_version=&#8220;4.27.4&#8243; header_text_align=&#8220;center&#8220; position_text_align=&#8220;center&#8220; header_text_align_tablet=&#8220;left&#8220; header_text_align_phone=&#8220;center&#8220; header_text_align_last_edited=&#8220;on|phone&#8220; position_text_align_tablet=&#8220;left&#8220; position_text_align_phone=&#8220;center&#8220; position_text_align_last_edited=&#8220;on|phone&#8220; global_colors_info=&#8220;{}&#8220;][\/et_pb_team_member][et_pb_team_member name=&#8220;Bertrand Sinais&#8220; position=&#8220;Ehemaliger Sachverst\u00e4ndiger f\u00fcr Philatelie Berufungsgericht Paris&#8220; image_url=&#8220;https:\/\/www.letimbreclassique.com\/wp-content\/uploads\/2024\/04\/bertrand.jpg&#8220; _builder_version=&#8220;4.25.1&#8243; header_text_align=&#8220;center&#8220; position_text_align=&#8220;center&#8220; header_text_align_tablet=&#8220;left&#8220; header_text_align_phone=&#8220;center&#8220; header_text_align_last_edited=&#8220;on|phone&#8220; position_text_align_tablet=&#8220;left&#8220; position_text_align_phone=&#8220;center&#8220; position_text_align_last_edited=&#8220;on|phone&#8220; global_colors_info=&#8220;{}&#8220;][\/et_pb_team_member][et_pb_team_member name=&#8220;Jean-Luc Salvi&#8220; position=&#8220;Philatelist&#8220; image_url=&#8220;https:\/\/www.letimbreclassique.com\/wp-content\/uploads\/2024\/04\/jeanluc.jpg&#8220; _builder_version=&#8220;4.23.4&#8243; header_text_align=&#8220;center&#8220; position_text_align=&#8220;center&#8220; header_text_align_tablet=&#8220;left&#8220; header_text_align_phone=&#8220;center&#8220; header_text_align_last_edited=&#8220;on|phone&#8220; position_text_align_tablet=&#8220;left&#8220; position_text_align_phone=&#8220;center&#8220; position_text_align_last_edited=&#8220;on|phone&#8220; global_colors_info=&#8220;{}&#8220;][\/et_pb_team_member][et_pb_team_member name=&#8220;Baudouin Picard&#8220; position=&#8220;Gesch\u00e4ftsleiter&#8220; image_url=&#8220;https:\/\/www.letimbreclassique.com\/wp-content\/uploads\/2025\/03\/Baudouin-PICARD-2-1.jpg&#8220; _builder_version=&#8220;4.27.4&#8243; header_text_align=&#8220;center&#8220; position_text_align=&#8220;center&#8220; header_text_align_tablet=&#8220;left&#8220; header_text_align_phone=&#8220;center&#8220; header_text_align_last_edited=&#8220;on|phone&#8220; position_text_align_tablet=&#8220;left&#8220; position_text_align_phone=&#8220;center&#8220; position_text_align_last_edited=&#8220;on|phone&#8220; global_colors_info=&#8220;{}&#8220;][\/et_pb_team_member][\/et_pb_column][et_pb_column type=&#8220;1_2&#8243; _builder_version=&#8220;4.23.4&#8243; _module_preset=&#8220;default&#8220; global_colors_info=&#8220;{}&#8220;][et_pb_team_member name=&#8220;Paul Carpentier&#8220; position=&#8220;Gesch\u00e4ftsf\u00fchrungsassistent&#8220; image_url=&#8220;https:\/\/www.letimbreclassique.com\/wp-content\/uploads\/2025\/03\/Paul-CARPENTIER-2-1.jpg&#8220; _builder_version=&#8220;4.27.4&#8243; header_text_align=&#8220;center&#8220; position_text_align=&#8220;center&#8220; header_text_align_tablet=&#8220;left&#8220; header_text_align_phone=&#8220;center&#8220; header_text_align_last_edited=&#8220;on|phone&#8220; position_text_align_tablet=&#8220;left&#8220; position_text_align_phone=&#8220;center&#8220; position_text_align_last_edited=&#8220;on|phone&#8220; global_colors_info=&#8220;{}&#8220;][\/et_pb_team_member][et_pb_team_member name=&#8220;Laurence Canella&#8220; position=&#8220;Exekutivsekret\u00e4r&#8220; image_url=&#8220;https:\/\/www.letimbreclassique.com\/wp-content\/uploads\/2024\/04\/laurence.jpg&#8220; _builder_version=&#8220;4.23.4&#8243; header_text_align=&#8220;center&#8220; position_text_align=&#8220;center&#8220; header_text_align_tablet=&#8220;left&#8220; header_text_align_phone=&#8220;center&#8220; header_text_align_last_edited=&#8220;on|phone&#8220; position_text_align_tablet=&#8220;left&#8220; position_text_align_phone=&#8220;center&#8220; position_text_align_last_edited=&#8220;on|phone&#8220; global_colors_info=&#8220;{}&#8220;][\/et_pb_team_member][et_pb_team_member name=&#8220;Romain Carpentier&#8220; position=&#8220;Philatelist &amp; Gesch\u00e4ftsleiter&#8220; image_url=&#8220;https:\/\/www.letimbreclassique.com\/wp-content\/uploads\/2024\/04\/romain.jpg&#8220; _builder_version=&#8220;4.27.4&#8243; header_text_align=&#8220;center&#8220; position_text_align=&#8220;center&#8220; header_text_align_tablet=&#8220;left&#8220; header_text_align_phone=&#8220;center&#8220; header_text_align_last_edited=&#8220;on|phone&#8220; position_text_align_tablet=&#8220;left&#8220; position_text_align_phone=&#8220;center&#8220; position_text_align_last_edited=&#8220;on|phone&#8220; global_colors_info=&#8220;{}&#8220;][\/et_pb_team_member][et_pb_team_member name=&#8220; Armand Charrin&#8220; position=&#8220;Gesch\u00e4ftsleiter &#8220; image_url=&#8220;https:\/\/www.letimbreclassique.com\/wp-content\/uploads\/2025\/03\/Armand-CHARRIN-v2-1.jpg&#8220; _builder_version=&#8220;4.27.4&#8243; header_text_align=&#8220;center&#8220; position_text_align=&#8220;center&#8220; header_text_align_tablet=&#8220;left&#8220; header_text_align_phone=&#8220;center&#8220; header_text_align_last_edited=&#8220;on|phone&#8220; position_text_align_tablet=&#8220;left&#8220; position_text_align_phone=&#8220;center&#8220; position_text_align_last_edited=&#8220;on|phone&#8220; global_colors_info=&#8220;{}&#8220;][\/et_pb_team_member][et_pb_team_member name=&#8220;G\u00e9rald Imbert&#8220; position=&#8220;Philatelist &amp; Gesch\u00e4ftsleiter&#8220; image_url=&#8220;https:\/\/www.letimbreclassique.com\/wp-content\/uploads\/2025\/03\/Gerald-IMBERT.jpg&#8220; _builder_version=&#8220;4.27.4&#8243; header_text_align=&#8220;center&#8220; position_text_align=&#8220;center&#8220; header_text_align_tablet=&#8220;left&#8220; header_text_align_phone=&#8220;center&#8220; header_text_align_last_edited=&#8220;on|phone&#8220; position_text_align_tablet=&#8220;left&#8220; position_text_align_phone=&#8220;center&#8220; position_text_align_last_edited=&#8220;on|phone&#8220; global_colors_info=&#8220;{}&#8220;][\/et_pb_team_member][\/et_pb_column][\/et_pb_row][\/et_pb_section]<\/p>\n","protected":false},"excerpt":{"rendered":"<p>TeamDiplomierter Buchhalter, Philatelist und Auktionator mit \u00fcber 30 Jahren Erfahrung in der internationalen Philatelie. Er \u00fcbernahm das Unternehmen nach dem Ableben des Firmengr\u00fcnders Albert Cohen Sabban. Anders\u2018 umfangreiche Expertise mit philatelistischen Auktionen umfasst europ\u00e4ische M\u00e4rkte wie Frankreich, Schweiz, Deutschland, Spanien und auch der USA. Vor der Firmen\u00fcbernahme von Le Timbre Classique war er 25 Jahre [&hellip;]<\/p>\n","protected":false},"author":1,"featured_media":0,"parent":0,"menu_order":4,"comment_status":"closed","ping_status":"closed","template":"","meta":{"_et_pb_use_builder":"on","_et_pb_old_content":"","_et_gb_content_width":"","footnotes":""},"class_list":["post-860","page","type-page","status-publish","hentry"],"yoast_head":"<!-- This site is optimized with the Yoast SEO plugin v27.5 - https:\/\/yoast.com\/product\/yoast-seo-wordpress\/ -->\n<title>Team - Le Timbre Classique<\/title>\n<meta name=\"robots\" content=\"index, follow, max-snippet:-1, max-image-preview:large, max-video-preview:-1\" \/>\n<link rel=\"canonical\" href=\"https:\/\/www.letimbreclassique.com\/de\/team\/\" \/>\n<meta property=\"og:locale\" content=\"de_DE\" \/>\n<meta property=\"og:type\" content=\"article\" \/>\n<meta property=\"og:title\" content=\"Team - Le Timbre Classique\" \/>\n<meta property=\"og:description\" content=\"TeamDiplomierter Buchhalter, Philatelist und Auktionator mit \u00fcber 30 Jahren Erfahrung in der internationalen Philatelie. Er \u00fcbernahm das Unternehmen nach dem Ableben des Firmengr\u00fcnders Albert Cohen Sabban. Anders\u2018 umfangreiche Expertise mit philatelistischen Auktionen umfasst europ\u00e4ische M\u00e4rkte wie Frankreich, Schweiz, Deutschland, Spanien und auch der USA. Vor der Firmen\u00fcbernahme von Le Timbre Classique war er 25 Jahre [&hellip;]\" \/>\n<meta property=\"og:url\" content=\"https:\/\/www.letimbreclassique.com\/de\/team\/\" \/>\n<meta property=\"og:site_name\" content=\"Le Timbre Classique\" \/>\n<meta property=\"article:publisher\" content=\"https:\/\/www.linkedin.com\/company\/le-timbre-classique-sa\" \/>\n<meta property=\"article:modified_time\" content=\"2025-12-01T08:59:38+00:00\" \/>\n<meta name=\"twitter:card\" content=\"summary_large_image\" \/>\n<meta name=\"twitter:label1\" content=\"Gesch\u00e4tzte Lesezeit\" \/>\n\t<meta name=\"twitter:data1\" content=\"4\u00a0Minuten\" \/>\n<script type=\"application\/ld+json\" class=\"yoast-schema-graph\">{\"@context\":\"https:\\\/\\\/schema.org\",\"@graph\":[{\"@type\":\"WebPage\",\"@id\":\"https:\\\/\\\/www.letimbreclassique.com\\\/de\\\/team\\\/\",\"url\":\"https:\\\/\\\/www.letimbreclassique.com\\\/de\\\/team\\\/\",\"name\":\"Team - Le Timbre Classique\",\"isPartOf\":{\"@id\":\"https:\\\/\\\/www.letimbreclassique.com\\\/de\\\/#website\"},\"datePublished\":\"2020-06-15T08:24:52+00:00\",\"dateModified\":\"2025-12-01T08:59:38+00:00\",\"breadcrumb\":{\"@id\":\"https:\\\/\\\/www.letimbreclassique.com\\\/de\\\/team\\\/#breadcrumb\"},\"inLanguage\":\"de\",\"potentialAction\":[{\"@type\":\"ReadAction\",\"target\":[\"https:\\\/\\\/www.letimbreclassique.com\\\/de\\\/team\\\/\"]}]},{\"@type\":\"BreadcrumbList\",\"@id\":\"https:\\\/\\\/www.letimbreclassique.com\\\/de\\\/team\\\/#breadcrumb\",\"itemListElement\":[{\"@type\":\"ListItem\",\"position\":1,\"name\":\"Accueil\",\"item\":\"https:\\\/\\\/www.letimbreclassique.com\\\/de\\\/kaufen\\\/\"},{\"@type\":\"ListItem\",\"position\":2,\"name\":\"Team\"}]},{\"@type\":\"WebSite\",\"@id\":\"https:\\\/\\\/www.letimbreclassique.com\\\/de\\\/#website\",\"url\":\"https:\\\/\\\/www.letimbreclassique.com\\\/de\\\/\",\"name\":\"Le Timbre Classique\",\"description\":\"Briefmarkenexpertise\",\"publisher\":{\"@id\":\"https:\\\/\\\/www.letimbreclassique.com\\\/de\\\/#organization\"},\"potentialAction\":[{\"@type\":\"SearchAction\",\"target\":{\"@type\":\"EntryPoint\",\"urlTemplate\":\"https:\\\/\\\/www.letimbreclassique.com\\\/de\\\/?s={search_term_string}\"},\"query-input\":{\"@type\":\"PropertyValueSpecification\",\"valueRequired\":true,\"valueName\":\"search_term_string\"}}],\"inLanguage\":\"de\"},{\"@type\":\"Organization\",\"@id\":\"https:\\\/\\\/www.letimbreclassique.com\\\/de\\\/#organization\",\"name\":\"Le Timbre classique\",\"url\":\"https:\\\/\\\/www.letimbreclassique.com\\\/de\\\/\",\"logo\":{\"@type\":\"ImageObject\",\"inLanguage\":\"de\",\"@id\":\"https:\\\/\\\/www.letimbreclassique.com\\\/de\\\/#\\\/schema\\\/logo\\\/image\\\/\",\"url\":\"https:\\\/\\\/www.letimbreclassique.com\\\/wp-content\\\/uploads\\\/2021\\\/07\\\/Logo_LTC-1.png\",\"contentUrl\":\"https:\\\/\\\/www.letimbreclassique.com\\\/wp-content\\\/uploads\\\/2021\\\/07\\\/Logo_LTC-1.png\",\"width\":885,\"height\":88,\"caption\":\"Le Timbre classique\"},\"image\":{\"@id\":\"https:\\\/\\\/www.letimbreclassique.com\\\/de\\\/#\\\/schema\\\/logo\\\/image\\\/\"},\"sameAs\":[\"https:\\\/\\\/www.linkedin.com\\\/company\\\/le-timbre-classique-sa\"]}]}<\/script>\n<!-- \/ Yoast SEO plugin. -->","yoast_head_json":{"title":"Team - Le Timbre Classique","robots":{"index":"index","follow":"follow","max-snippet":"max-snippet:-1","max-image-preview":"max-image-preview:large","max-video-preview":"max-video-preview:-1"},"canonical":"https:\/\/www.letimbreclassique.com\/de\/team\/","og_locale":"de_DE","og_type":"article","og_title":"Team - Le Timbre Classique","og_description":"TeamDiplomierter Buchhalter, Philatelist und Auktionator mit \u00fcber 30 Jahren Erfahrung in der internationalen Philatelie. Er \u00fcbernahm das Unternehmen nach dem Ableben des Firmengr\u00fcnders Albert Cohen Sabban. Anders\u2018 umfangreiche Expertise mit philatelistischen Auktionen umfasst europ\u00e4ische M\u00e4rkte wie Frankreich, Schweiz, Deutschland, Spanien und auch der USA. Vor der Firmen\u00fcbernahme von Le Timbre Classique war er 25 Jahre [&hellip;]","og_url":"https:\/\/www.letimbreclassique.com\/de\/team\/","og_site_name":"Le Timbre Classique","article_publisher":"https:\/\/www.linkedin.com\/company\/le-timbre-classique-sa","article_modified_time":"2025-12-01T08:59:38+00:00","twitter_card":"summary_large_image","twitter_misc":{"Gesch\u00e4tzte Lesezeit":"4\u00a0Minuten"},"schema":{"@context":"https:\/\/schema.org","@graph":[{"@type":"WebPage","@id":"https:\/\/www.letimbreclassique.com\/de\/team\/","url":"https:\/\/www.letimbreclassique.com\/de\/team\/","name":"Team - Le Timbre Classique","isPartOf":{"@id":"https:\/\/www.letimbreclassique.com\/de\/#website"},"datePublished":"2020-06-15T08:24:52+00:00","dateModified":"2025-12-01T08:59:38+00:00","breadcrumb":{"@id":"https:\/\/www.letimbreclassique.com\/de\/team\/#breadcrumb"},"inLanguage":"de","potentialAction":[{"@type":"ReadAction","target":["https:\/\/www.letimbreclassique.com\/de\/team\/"]}]},{"@type":"BreadcrumbList","@id":"https:\/\/www.letimbreclassique.com\/de\/team\/#breadcrumb","itemListElement":[{"@type":"ListItem","position":1,"name":"Accueil","item":"https:\/\/www.letimbreclassique.com\/de\/kaufen\/"},{"@type":"ListItem","position":2,"name":"Team"}]},{"@type":"WebSite","@id":"https:\/\/www.letimbreclassique.com\/de\/#website","url":"https:\/\/www.letimbreclassique.com\/de\/","name":"Le Timbre Classique","description":"Briefmarkenexpertise","publisher":{"@id":"https:\/\/www.letimbreclassique.com\/de\/#organization"},"potentialAction":[{"@type":"SearchAction","target":{"@type":"EntryPoint","urlTemplate":"https:\/\/www.letimbreclassique.com\/de\/?s={search_term_string}"},"query-input":{"@type":"PropertyValueSpecification","valueRequired":true,"valueName":"search_term_string"}}],"inLanguage":"de"},{"@type":"Organization","@id":"https:\/\/www.letimbreclassique.com\/de\/#organization","name":"Le Timbre classique","url":"https:\/\/www.letimbreclassique.com\/de\/","logo":{"@type":"ImageObject","inLanguage":"de","@id":"https:\/\/www.letimbreclassique.com\/de\/#\/schema\/logo\/image\/","url":"https:\/\/www.letimbreclassique.com\/wp-content\/uploads\/2021\/07\/Logo_LTC-1.png","contentUrl":"https:\/\/www.letimbreclassique.com\/wp-content\/uploads\/2021\/07\/Logo_LTC-1.png","width":885,"height":88,"caption":"Le Timbre classique"},"image":{"@id":"https:\/\/www.letimbreclassique.com\/de\/#\/schema\/logo\/image\/"},"sameAs":["https:\/\/www.linkedin.com\/company\/le-timbre-classique-sa"]}]}},"_links":{"self":[{"href":"https:\/\/www.letimbreclassique.com\/de\/wp-json\/wp\/v2\/pages\/860","targetHints":{"allow":["GET"]}}],"collection":[{"href":"https:\/\/www.letimbreclassique.com\/de\/wp-json\/wp\/v2\/pages"}],"about":[{"href":"https:\/\/www.letimbreclassique.com\/de\/wp-json\/wp\/v2\/types\/page"}],"author":[{"embeddable":true,"href":"https:\/\/www.letimbreclassique.com\/de\/wp-json\/wp\/v2\/users\/1"}],"replies":[{"embeddable":true,"href":"https:\/\/www.letimbreclassique.com\/de\/wp-json\/wp\/v2\/comments?post=860"}],"version-history":[{"count":25,"href":"https:\/\/www.letimbreclassique.com\/de\/wp-json\/wp\/v2\/pages\/860\/revisions"}],"predecessor-version":[{"id":42888,"href":"https:\/\/www.letimbreclassique.com\/de\/wp-json\/wp\/v2\/pages\/860\/revisions\/42888"}],"wp:attachment":[{"href":"https:\/\/www.letimbreclassique.com\/de\/wp-json\/wp\/v2\/media?parent=860"}],"curies":[{"name":"wp","href":"https:\/\/api.w.org\/{rel}","templated":true}]}}