{"id":858,"date":"2020-06-15T08:49:33","date_gmt":"2020-06-15T06:49:33","guid":{"rendered":"https:\/\/www.letimbreclassique.com\/partner\/"},"modified":"2024-01-23T14:46:09","modified_gmt":"2024-01-23T13:46:09","slug":"partner","status":"publish","type":"page","link":"https:\/\/www.letimbreclassique.com\/de\/partner\/","title":{"rendered":"PARTNER"},"content":{"rendered":"<p>[et_pb_section fb_built=&#8220;1&#8243; _builder_version=&#8220;4.16&#8243; background_color=&#8220;#323a43&#8243; custom_padding=&#8220;20px||20px||false|false&#8220; global_colors_info=&#8220;{}&#8220;][et_pb_row custom_padding_last_edited=&#8220;on|tablet&#8220; _builder_version=&#8220;4.16&#8243; custom_padding=&#8220;|80px||80px|false|true&#8220; custom_padding_tablet=&#8220;|0px||0px|false|true&#8220; custom_padding_phone=&#8220;&#8220; global_colors_info=&#8220;{}&#8220;][et_pb_column type=&#8220;4_4&#8243; _builder_version=&#8220;4.16&#8243; global_colors_info=&#8220;{}&#8220;][et_pb_text _builder_version=&#8220;4.16&#8243; header_text_color=&#8220;#cdba6d&#8220; global_colors_info=&#8220;{}&#8220;]<\/p>\n<h1>Partner<\/h1>\n<p>[\/et_pb_text][\/et_pb_column][\/et_pb_row][\/et_pb_section][et_pb_section fb_built=&#8220;1&#8243; _builder_version=&#8220;4.16&#8243; global_colors_info=&#8220;{}&#8220;][et_pb_row custom_padding_last_edited=&#8220;on|phone&#8220; _builder_version=&#8220;4.16&#8243; custom_padding=&#8220;|80px||80px|false|true&#8220; custom_padding_tablet=&#8220;|0px||0px|false|true&#8220; custom_padding_phone=&#8220;&#8220; global_colors_info=&#8220;{}&#8220;][et_pb_column type=&#8220;4_4&#8243; _builder_version=&#8220;4.16&#8243; global_colors_info=&#8220;{}&#8220;][et_pb_accordion open_toggle_text_color=&#8220;#cdba6d&#8220; open_toggle_background_color=&#8220;#323a43&#8243; closed_toggle_background_color=&#8220;#323a43&#8243; icon_color=&#8220;#cdba6d&#8220; _builder_version=&#8220;4.16&#8243; toggle_text_color=&#8220;#cdba6d&#8220; body_text_color=&#8220;#ffffff&#8220; global_colors_info=&#8220;{}&#8220; open_toggle_background_color__hover_enabled=&#8220;off|desktop&#8220;][et_pb_accordion_item title=&#8220;CNEP, Kammer der Briefmarkenh\u00e4ndler und Experten&#8220; open=&#8220;on&#8220; _builder_version=&#8220;4.16&#8243; global_colors_info=&#8220;{}&#8220;]Diese Berufsverband vereinigt eine gro\u00dfe Anzahl franz\u00f6sischer Briefmarkenh\u00e4ndler und bietet den Kunden eine Garantie f\u00fcr Seriosit\u00e4t, da sich die angeschlossenen H\u00e4ndler zur Einhaltung einer Qualit\u00e4tscharta verpflichten.<\/p>\n<p>CNEP organisiert j\u00e4hrlich die zwei wichtigsten nationalen Messen f\u00fcr franz\u00f6sische H\u00e4ndler.<\/p>\n<p>Le Timbre Classique ist mit dem CNEP verbunden und das Unternehmen ist seit fast 50 Jahren bekannt f\u00fcr seine Seriosit\u00e4t. Z\u00f6gern Sie nicht,<\/p>\n<p>Das CNEP-Sekretariat zu kontaktieren, wenn Sie Fragen zu einem franz\u00f6sischen Briefmarkenh\u00e4ndler haben. Die Auskunft ist kostenlos und erm\u00f6glicht es Ihnen, die Vertrauensw\u00fcrdigkeit Ihrer Kontaktperson sicherzustellen.<\/p>\n<p><a href=\"http:\/\/www.cnep.fr\/\">www.cnep.fr<\/a>[\/et_pb_accordion_item][et_pb_accordion_item title=&#8220;FFAP, F\u00e9d\u00e9ration des Associations Philat\u00e9liques&#8220; _builder_version=&#8220;4.16&#8243; global_colors_info=&#8220;{}&#8220; open=&#8220;off&#8220;]In diesem Verband sind die verschiedenen franz\u00f6sischen Philatelievereine zusammengeschlossen. Das Gemeinschaftsleben ist ein wichtiges Element in der Philatelie. Wenn Sie einem Briefmarkenclub beitreten, k\u00f6nnen Sie andere begeisterte Sammler treffen und von ihren Erfahrungen profitieren. Es gibt eine Menge Informationen, von denen Sie profitieren k\u00f6nnen, um mit einer Briefmarkensammlung zu beginnen. Viele Verb\u00e4nde haben eine Bibliothek, die Sie zur Vertiefung Ihrer Kenntnisse konsultieren k\u00f6nnen.<\/p>\n<p>Le Timbre Classique nimmt regelm\u00e4\u00dfig an den Aktivit\u00e4ten der\u00a0FFAP teil und ist seit fast 50 Jahren anerkannt f\u00fcr die\u00a0Qualit\u00e4tsbriefmarken, die sie ihren Kunden anbietet.<\/p>\n<p>Kontaktieren Sie die FFAP f\u00fcr Referenzen \u00fcber Le Timbre\u00a0Classique<\/p>\n<p><a href=\"http:\/\/www.ffap.net\">www.ffap.net<\/a>[\/et_pb_accordion_item][et_pb_accordion_item title=&#8220;L&#8217;AEP, Acad\u00e9mie Europ\u00e9enne de Philat\u00e9lie&#8220; _builder_version=&#8220;4.16&#8243; global_colors_info=&#8220;{}&#8220; open=&#8220;off&#8220;]Die AEP ist ein internationales Netzwerk von Philatelisten, die sich zum Austausch Ihres Fachwissens treffen.<\/p>\n<p>Sie trifft sich oft w\u00e4hrend gro\u00dfer internationaler philatelistischer\u00a0Ausstellungen, was den Mitgliedern erm\u00f6glicht,\u00a0sich pers\u00f6nlich zu treffen, um ihre gemeinsame\u00a0 Leidenschaft zu teilen: die Philatelie.<\/p>\n<p>Die Forschungen und Studien ihrer Mitglieder werden in der\u00a0Zeitschrift OPUS ver\u00f6ffentlicht.<\/p>\n<p>Ga\u00ebl CARON und Anders THORELL sind Mitglieder der Acad\u00e9mie\u00a0Europ\u00e9enne de Philatelie.<\/p>\n<p>Fragen Sie nach Referenzen.<\/p>\n<p><a href=\"http:\/\/www.aephil.com\/\">www.aephil.com<\/a>[\/et_pb_accordion_item][et_pb_accordion_item title=&#8220;Die Royal Philatelic Society London&#8220; _builder_version=&#8220;4.16&#8243; global_colors_info=&#8220;{}&#8220; open=&#8220;off&#8220;]Sie wurde 1869 in London gegr\u00fcndet und ist weltweit der \u00e4lteste Verband von Briefmarkensammlern. Seine R\u00e4umlichkeiten im Zentrum Londons stehen den Sammlern zur Verf\u00fcgung eine der gr\u00f6\u00dften philatelistischen Bibliotheken der Welt. Es gibt dort auch zahlreiche interessante Sammlungen, die manchmal ausgestellt werden. Ein Ausschuss von Philatelie-Experten trifft sich hier regelm\u00e4\u00dfig, um Echtheitszertifikate f\u00fcr Briefmarken zu erstellen. Der Verband ver\u00f6ffentlicht regelm\u00e4\u00dfig verschiedene philatelistische Werke.3<\/p>\n<p>Anders Thorell ist Mitglied der <strong>Royal Philatelic Society London<\/strong><\/p>\n<p><span style=\"color: #3366ff;\">https:\/\/www.rpsl.org.uk<\/span>[\/et_pb_accordion_item][et_pb_accordion_item title=&#8220;L\u2019Union Marcophile&#8220; _builder_version=&#8220;4.16&#8243; global_colors_info=&#8220;{}&#8220; open=&#8220;off&#8220;]Wenn Sie Briefumschl\u00e4ge, Abstempelungen, Frankaturen und Postrouten m\u00f6gen, ist dieser franz\u00f6sische Verband genau das Richtige f\u00fcr Sie. Er gibt viertelj\u00e4hrlich die Zeitschrift &#8222;Les Feuilles Marcophiles&#8220; heraus, welche voller Informationen \u00fcber Briefumschl\u00e4ge und Postgeschichte ist. In der Philatelie, wie auch in anderen Bereichen, ist es oft das Wissen, das den Unterschied macht.<\/p>\n<p><a href=\"https:\/\/unionmarcophile.fr\">https:\/\/unionmarcophile.fr<\/a>[\/et_pb_accordion_item][et_pb_accordion_item title=&#8220;Verband Schweizerischer Philatelisten-Vereine&#8220; _builder_version=&#8220;4.16&#8243; global_colors_info=&#8220;{}&#8220; open=&#8220;off&#8220;]Seit 1890 ist der Verband der Schweizerischen Philatelisten-Vereine (VSPhV) der Dachverband der Schweizerischen Briefmarken\u00adsammlervereine. \u00dcber die Jahrzehnte hat sich der Aufgabenkreis etwas ver\u00e4ndert und die Schwerpunkte unsere Aktivit\u00e4ten haben sich ebenfalls verlagert. Die Hauptaufgabe ist aber immer noch dieselbe! So versucht der VSPhV seit \u00fcber hundert Jahren die Philatelie zu f\u00f6rdern und seine Mitglieder bei der Aus\u00fcbung ihrer Freizeitbesch\u00e4ftigung zu begleiten.<\/p>\n<p><a href=\"http:\/\/www.vsphv.ch\">www.vsphv.ch<\/a>[\/et_pb_accordion_item][et_pb_accordion_item title=&#8220;Schweizerischer Briefmarken-H\u00e4ndler Verband (SBHV, ASNP)&#8220; _builder_version=&#8220;4.16&#8243; global_colors_info=&#8220;{}&#8220; open=&#8220;off&#8220;]Dieser 1909 gegr\u00fcndete Verband vereinigt die meisten Schweizer Briefmarkenh\u00e4ndler und ist eine gute Adresse, wenn Sie Briefmarken in der Schweiz erwerben oder verkaufen wollen. Le Timbre Classique SA ist Mitglied dieses Vereins und h\u00e4lt sich an ihre Qualit\u00e4tscharta, um Ihnen einen einwandfreien Service zu garantieren und Ihnen Qualit\u00e4tsmarken und -briefumschl\u00e4ge zu bieten, die ihren Beschreibungen entsprechen.\u00a0Falls Sie Fragen zum Schweizer Philatelie-Markt haben, k\u00f6nnen Sie \u00fcber ihre Webseite Kontakt mit ihnen aufnehmen.<\/p>\n<p><a href=\"http:\/\/www.sbhv.ch\/\">www.sbhv.ch<\/a>[\/et_pb_accordion_item][et_pb_accordion_item title=&#8220;Club Philat\u00e9lique et A\u00e9ropostale de Gen\u00e8ve (Genf)&#8220; _builder_version=&#8220;4.16&#8243; global_colors_info=&#8220;{}&#8220; open=&#8220;off&#8220;]Unser lokaler Partnerclub. Die Mitglieder des 1933 gegr\u00fcndeten Clubs treffen sich jeweils am ersten Montag des Monats im Holiday Inn in der N\u00e4he des Genfer Flughafens.<\/p>\n<p>Der Club organisiert verschiedene Konferenzen und Auktionen f\u00fcr Clubmitglieder. Ein j\u00e4hrliches Abendessen, an dem sowohl Schweizer als auch benachbarte franz\u00f6sische Mitglieder teilnehmen, findet am ersten Montag im Dezember statt.<\/p>\n<p>Wenn Sie Mitglied werden, k\u00f6nnen Sie durch Konferenzen andere Bereiche der Philatelie entdecken. Ihre Mitglieder bieten oft gute Ratschl\u00e4ge an, um Ihre Sammlung zu verbessern oder Ihre Ausstellungstechniken zu verfeinern.<\/p>\n<p>https:\/\/cpagphilatelie.wordpress.com\/[\/et_pb_accordion_item][et_pb_accordion_item title=&#8220;Tarifs postaux&#8220; _builder_version=&#8220;4.16&#8243; global_colors_info=&#8220;{}&#8220; open=&#8220;off&#8220;]<\/p>\n<p class=\"site-post-intro\">Tarifs postaux est un site sur lequel vous pouvez trouver rapidement les\u00a0<strong>tarifs postaux<\/strong>\u00a0pour vos envois de courrier et de colis aussi bien en France qu&#8217;\u00e0 l&#8217;\u00e9tranger.<\/p>\n<p>https:\/\/tarifs-postaux.fr\/[\/et_pb_accordion_item][et_pb_accordion_item title=&#8220;StampWorld&#8220; _builder_version=&#8220;4.16&#8243; global_colors_info=&#8220;{}&#8220; open=&#8220;off&#8220;]<\/p>\n<p class=\"site-post-intro\">StampWorld est le site internet qui vous permet d&#8217;acc\u00e9der rapidement au plus grand et complet catalogue de timbres du monde entier. Vous pouvez y retrouver plus de 7 400 000 timbres \u00e0 vendre et plus de 500 000 membres.\u00a0 Ce site propose de nombreuses fonctionnalit\u00e9s notamment un forum de timbres, la cr\u00e9ation d&#8217;une collection personnelle, un contact direct avec des collectionneurs du monde ou encore la liste des clubs et boutiques de timbres.<\/p>\n<p><a href=\"http:\/\/stampworld.com\/\">http:\/\/stampworld.com\/<\/a><\/p>\n<div class=\"row\">\n<div class=\"col-12 col-md-6\"><\/div>\n<div class=\"col-12 col-md-6\">\n<p>&nbsp;<\/p>\n<\/div>\n<\/div>\n<p>[\/et_pb_accordion_item][et_pb_accordion_item title=&#8220;La FASFIL&#8220; _builder_version=&#8220;4.16&#8243; global_colors_info=&#8220;{}&#8220; open=&#8220;off&#8220;]<\/p>\n<p class=\"site-post-intro\">Fond\u00e9e \u00e0 1962, la F\u00e9d\u00e9ration Asturienne des Soci\u00e9t\u00e9s philat\u00e9liques est situ\u00e9e \u00e0 Oviedo dans la principaut\u00e9 des Asturies en Espagne. Au fil des ans, FASFIL continue de maintenir une activit\u00e9 profond\u00e9ment ancr\u00e9e dans la soci\u00e9t\u00e9 et la culture asturienne.\u00a0 Elle a organis\u00e9 de multiples activit\u00e9s philat\u00e9liques, aussi bien des expositions, des s\u00e9minaires ou des congr\u00e8s philat\u00e9liques et toutes sortes d&#8217;\u00e9v\u00e9nements qui promeuvent le monde de la collection philat\u00e9lique. En 2011, elle s&#8217;est vue d\u00e9cern\u00e9 la m\u00e9daille d&#8217;or du m\u00e9rite philat\u00e9lique.<\/p>\n<p><a href=\"http:\/\/www.fasfil.com\/\">http:\/\/www.fasfil.com\/<\/a><\/p>\n<div class=\"row\">\n<div class=\"col-12 col-md-6\"><\/div>\n<div class=\"col-12 col-md-6\">\n<p>&nbsp;<\/p>\n<\/div>\n<\/div>\n<p>[\/et_pb_accordion_item][et_pb_accordion_item title=&#8220;Club philat\u00e9lique de Del\u00e9mont et environs&#8220; _builder_version=&#8220;4.16&#8243; global_colors_info=&#8220;{}&#8220; open=&#8220;off&#8220;]<\/p>\n<p class=\"site-post-intro\">Fond\u00e9 le 30 mars 1911, le Club philat\u00e9lique de Del\u00e9mont et environs regroupe aujourd&#8217;hui une soixantaine de personnes et une section juniors. Il est affili\u00e9 \u00e0 la F\u00e9d\u00e9ration des Soci\u00e9t\u00e9s Suisses de Philat\u00e9lie. Il organise des r\u00e9unions mensuelles, des bourses, des expositions et des conf\u00e9rences. Il forme et encourage ses membres \u00e0 r\u00e9aliser leurs collections.\u00a0 La biblioth\u00e8que de ce club est riche d&#8217;ouvrages sp\u00e9cialis\u00e9s et de catalogues.<\/p>\n<p><a class=\"defaultMailLink\" href=\"http:\/\/www.cpde.ch\/\" target=\"_blank\" rel=\"noopener noreferrer\" data-ik=\"ik-secure\">www.cpde.ch<\/a><\/p>\n<div class=\"row\">\n<div class=\"col-12 col-md-6\"><\/div>\n<div class=\"col-12 col-md-6\">\n<p>&nbsp;<\/p>\n<\/div>\n<\/div>\n<p>[\/et_pb_accordion_item][et_pb_accordion_item title=&#8220;Timbres du Jura&#8220; _builder_version=&#8220;4.16&#8243; _module_preset=&#8220;default&#8220; global_colors_info=&#8220;{}&#8220; open=&#8220;off&#8220;]<a href=\"https:\/\/timbredujura.blogspot.com\/\">https:\/\/timbredujura.blogspot.com\/<\/a><\/p>\n<p>&nbsp;[\/et_pb_accordion_item][et_pb_accordion_item title=&#8220;Histoire postale&#8220; _builder_version=&#8220;4.16&#8243; _module_preset=&#8220;default&#8220; global_colors_info=&#8220;{}&#8220; open=&#8220;off&#8220;]<a href=\"http:\/\/histoirepostale.com\/index.html\">http:\/\/histoirepostale.com\/index.html<\/a><\/p>\n<p>&nbsp;[\/et_pb_accordion_item][et_pb_accordion_item title=&#8220;UPG, Union Philat\u00e9lique de Gen\u00e8ve&#8220; _builder_version=&#8220;4.16&#8243; _module_preset=&#8220;default&#8220; global_colors_info=&#8220;{}&#8220; open=&#8220;off&#8220;]Le plus ancien club philat\u00e9lique genevois fond\u00e9 en 1892<\/p>\n<p><a href=\"http:\/\/www.upg.ch\">www.upg.ch<\/a><\/p>\n<p>&nbsp;[\/et_pb_accordion_item][\/et_pb_accordion][\/et_pb_column][\/et_pb_row][\/et_pb_section]<\/p>\n","protected":false},"excerpt":{"rendered":"<p>PartnerDiese Berufsverband vereinigt eine gro\u00dfe Anzahl franz\u00f6sischer Briefmarkenh\u00e4ndler und bietet den Kunden eine Garantie f\u00fcr Seriosit\u00e4t, da sich die angeschlossenen H\u00e4ndler zur Einhaltung einer Qualit\u00e4tscharta verpflichten. CNEP organisiert j\u00e4hrlich die zwei wichtigsten nationalen Messen f\u00fcr franz\u00f6sische H\u00e4ndler. Le Timbre Classique ist mit dem CNEP verbunden und das Unternehmen ist seit fast 50 Jahren bekannt f\u00fcr [&hellip;]<\/p>\n","protected":false},"author":1,"featured_media":0,"parent":0,"menu_order":6,"comment_status":"closed","ping_status":"closed","template":"","meta":{"_et_pb_use_builder":"on","_et_pb_old_content":"","_et_gb_content_width":"","footnotes":""},"class_list":["post-858","page","type-page","status-publish","hentry"],"yoast_head":"<!-- This site is optimized with the Yoast SEO plugin v27.5 - https:\/\/yoast.com\/product\/yoast-seo-wordpress\/ -->\n<title>PARTNER - Le Timbre Classique<\/title>\n<meta name=\"robots\" content=\"index, follow, max-snippet:-1, max-image-preview:large, max-video-preview:-1\" \/>\n<link rel=\"canonical\" href=\"https:\/\/www.letimbreclassique.com\/de\/partner\/\" \/>\n<meta property=\"og:locale\" content=\"de_DE\" \/>\n<meta property=\"og:type\" content=\"article\" \/>\n<meta property=\"og:title\" content=\"PARTNER - Le Timbre Classique\" \/>\n<meta property=\"og:description\" content=\"PartnerDiese Berufsverband vereinigt eine gro\u00dfe Anzahl franz\u00f6sischer Briefmarkenh\u00e4ndler und bietet den Kunden eine Garantie f\u00fcr Seriosit\u00e4t, da sich die angeschlossenen H\u00e4ndler zur Einhaltung einer Qualit\u00e4tscharta verpflichten. CNEP organisiert j\u00e4hrlich die zwei wichtigsten nationalen Messen f\u00fcr franz\u00f6sische H\u00e4ndler. Le Timbre Classique ist mit dem CNEP verbunden und das Unternehmen ist seit fast 50 Jahren bekannt f\u00fcr [&hellip;]\" \/>\n<meta property=\"og:url\" content=\"https:\/\/www.letimbreclassique.com\/de\/partner\/\" \/>\n<meta property=\"og:site_name\" content=\"Le Timbre Classique\" \/>\n<meta property=\"article:publisher\" content=\"https:\/\/www.linkedin.com\/company\/le-timbre-classique-sa\" \/>\n<meta property=\"article:modified_time\" content=\"2024-01-23T13:46:09+00:00\" \/>\n<meta name=\"twitter:card\" content=\"summary_large_image\" \/>\n<meta name=\"twitter:label1\" content=\"Gesch\u00e4tzte Lesezeit\" \/>\n\t<meta name=\"twitter:data1\" content=\"8\u00a0Minuten\" \/>\n<script type=\"application\/ld+json\" class=\"yoast-schema-graph\">{\"@context\":\"https:\\\/\\\/schema.org\",\"@graph\":[{\"@type\":\"WebPage\",\"@id\":\"https:\\\/\\\/www.letimbreclassique.com\\\/de\\\/partner\\\/\",\"url\":\"https:\\\/\\\/www.letimbreclassique.com\\\/de\\\/partner\\\/\",\"name\":\"PARTNER - Le Timbre Classique\",\"isPartOf\":{\"@id\":\"https:\\\/\\\/www.letimbreclassique.com\\\/de\\\/#website\"},\"datePublished\":\"2020-06-15T06:49:33+00:00\",\"dateModified\":\"2024-01-23T13:46:09+00:00\",\"breadcrumb\":{\"@id\":\"https:\\\/\\\/www.letimbreclassique.com\\\/de\\\/partner\\\/#breadcrumb\"},\"inLanguage\":\"de\",\"potentialAction\":[{\"@type\":\"ReadAction\",\"target\":[\"https:\\\/\\\/www.letimbreclassique.com\\\/de\\\/partner\\\/\"]}]},{\"@type\":\"BreadcrumbList\",\"@id\":\"https:\\\/\\\/www.letimbreclassique.com\\\/de\\\/partner\\\/#breadcrumb\",\"itemListElement\":[{\"@type\":\"ListItem\",\"position\":1,\"name\":\"Accueil\",\"item\":\"https:\\\/\\\/www.letimbreclassique.com\\\/de\\\/kaufen\\\/\"},{\"@type\":\"ListItem\",\"position\":2,\"name\":\"PARTNER\"}]},{\"@type\":\"WebSite\",\"@id\":\"https:\\\/\\\/www.letimbreclassique.com\\\/de\\\/#website\",\"url\":\"https:\\\/\\\/www.letimbreclassique.com\\\/de\\\/\",\"name\":\"Le Timbre Classique\",\"description\":\"Briefmarkenexpertise\",\"publisher\":{\"@id\":\"https:\\\/\\\/www.letimbreclassique.com\\\/de\\\/#organization\"},\"potentialAction\":[{\"@type\":\"SearchAction\",\"target\":{\"@type\":\"EntryPoint\",\"urlTemplate\":\"https:\\\/\\\/www.letimbreclassique.com\\\/de\\\/?s={search_term_string}\"},\"query-input\":{\"@type\":\"PropertyValueSpecification\",\"valueRequired\":true,\"valueName\":\"search_term_string\"}}],\"inLanguage\":\"de\"},{\"@type\":\"Organization\",\"@id\":\"https:\\\/\\\/www.letimbreclassique.com\\\/de\\\/#organization\",\"name\":\"Le Timbre classique\",\"url\":\"https:\\\/\\\/www.letimbreclassique.com\\\/de\\\/\",\"logo\":{\"@type\":\"ImageObject\",\"inLanguage\":\"de\",\"@id\":\"https:\\\/\\\/www.letimbreclassique.com\\\/de\\\/#\\\/schema\\\/logo\\\/image\\\/\",\"url\":\"https:\\\/\\\/www.letimbreclassique.com\\\/wp-content\\\/uploads\\\/2021\\\/07\\\/Logo_LTC-1.png\",\"contentUrl\":\"https:\\\/\\\/www.letimbreclassique.com\\\/wp-content\\\/uploads\\\/2021\\\/07\\\/Logo_LTC-1.png\",\"width\":885,\"height\":88,\"caption\":\"Le Timbre classique\"},\"image\":{\"@id\":\"https:\\\/\\\/www.letimbreclassique.com\\\/de\\\/#\\\/schema\\\/logo\\\/image\\\/\"},\"sameAs\":[\"https:\\\/\\\/www.linkedin.com\\\/company\\\/le-timbre-classique-sa\"]}]}<\/script>\n<!-- \/ Yoast SEO plugin. -->","yoast_head_json":{"title":"PARTNER - Le Timbre Classique","robots":{"index":"index","follow":"follow","max-snippet":"max-snippet:-1","max-image-preview":"max-image-preview:large","max-video-preview":"max-video-preview:-1"},"canonical":"https:\/\/www.letimbreclassique.com\/de\/partner\/","og_locale":"de_DE","og_type":"article","og_title":"PARTNER - Le Timbre Classique","og_description":"PartnerDiese Berufsverband vereinigt eine gro\u00dfe Anzahl franz\u00f6sischer Briefmarkenh\u00e4ndler und bietet den Kunden eine Garantie f\u00fcr Seriosit\u00e4t, da sich die angeschlossenen H\u00e4ndler zur Einhaltung einer Qualit\u00e4tscharta verpflichten. CNEP organisiert j\u00e4hrlich die zwei wichtigsten nationalen Messen f\u00fcr franz\u00f6sische H\u00e4ndler. Le Timbre Classique ist mit dem CNEP verbunden und das Unternehmen ist seit fast 50 Jahren bekannt f\u00fcr [&hellip;]","og_url":"https:\/\/www.letimbreclassique.com\/de\/partner\/","og_site_name":"Le Timbre Classique","article_publisher":"https:\/\/www.linkedin.com\/company\/le-timbre-classique-sa","article_modified_time":"2024-01-23T13:46:09+00:00","twitter_card":"summary_large_image","twitter_misc":{"Gesch\u00e4tzte Lesezeit":"8\u00a0Minuten"},"schema":{"@context":"https:\/\/schema.org","@graph":[{"@type":"WebPage","@id":"https:\/\/www.letimbreclassique.com\/de\/partner\/","url":"https:\/\/www.letimbreclassique.com\/de\/partner\/","name":"PARTNER - Le Timbre Classique","isPartOf":{"@id":"https:\/\/www.letimbreclassique.com\/de\/#website"},"datePublished":"2020-06-15T06:49:33+00:00","dateModified":"2024-01-23T13:46:09+00:00","breadcrumb":{"@id":"https:\/\/www.letimbreclassique.com\/de\/partner\/#breadcrumb"},"inLanguage":"de","potentialAction":[{"@type":"ReadAction","target":["https:\/\/www.letimbreclassique.com\/de\/partner\/"]}]},{"@type":"BreadcrumbList","@id":"https:\/\/www.letimbreclassique.com\/de\/partner\/#breadcrumb","itemListElement":[{"@type":"ListItem","position":1,"name":"Accueil","item":"https:\/\/www.letimbreclassique.com\/de\/kaufen\/"},{"@type":"ListItem","position":2,"name":"PARTNER"}]},{"@type":"WebSite","@id":"https:\/\/www.letimbreclassique.com\/de\/#website","url":"https:\/\/www.letimbreclassique.com\/de\/","name":"Le Timbre Classique","description":"Briefmarkenexpertise","publisher":{"@id":"https:\/\/www.letimbreclassique.com\/de\/#organization"},"potentialAction":[{"@type":"SearchAction","target":{"@type":"EntryPoint","urlTemplate":"https:\/\/www.letimbreclassique.com\/de\/?s={search_term_string}"},"query-input":{"@type":"PropertyValueSpecification","valueRequired":true,"valueName":"search_term_string"}}],"inLanguage":"de"},{"@type":"Organization","@id":"https:\/\/www.letimbreclassique.com\/de\/#organization","name":"Le Timbre classique","url":"https:\/\/www.letimbreclassique.com\/de\/","logo":{"@type":"ImageObject","inLanguage":"de","@id":"https:\/\/www.letimbreclassique.com\/de\/#\/schema\/logo\/image\/","url":"https:\/\/www.letimbreclassique.com\/wp-content\/uploads\/2021\/07\/Logo_LTC-1.png","contentUrl":"https:\/\/www.letimbreclassique.com\/wp-content\/uploads\/2021\/07\/Logo_LTC-1.png","width":885,"height":88,"caption":"Le Timbre classique"},"image":{"@id":"https:\/\/www.letimbreclassique.com\/de\/#\/schema\/logo\/image\/"},"sameAs":["https:\/\/www.linkedin.com\/company\/le-timbre-classique-sa"]}]}},"_links":{"self":[{"href":"https:\/\/www.letimbreclassique.com\/de\/wp-json\/wp\/v2\/pages\/858","targetHints":{"allow":["GET"]}}],"collection":[{"href":"https:\/\/www.letimbreclassique.com\/de\/wp-json\/wp\/v2\/pages"}],"about":[{"href":"https:\/\/www.letimbreclassique.com\/de\/wp-json\/wp\/v2\/types\/page"}],"author":[{"embeddable":true,"href":"https:\/\/www.letimbreclassique.com\/de\/wp-json\/wp\/v2\/users\/1"}],"replies":[{"embeddable":true,"href":"https:\/\/www.letimbreclassique.com\/de\/wp-json\/wp\/v2\/comments?post=858"}],"version-history":[{"count":15,"href":"https:\/\/www.letimbreclassique.com\/de\/wp-json\/wp\/v2\/pages\/858\/revisions"}],"predecessor-version":[{"id":38252,"href":"https:\/\/www.letimbreclassique.com\/de\/wp-json\/wp\/v2\/pages\/858\/revisions\/38252"}],"wp:attachment":[{"href":"https:\/\/www.letimbreclassique.com\/de\/wp-json\/wp\/v2\/media?parent=858"}],"curies":[{"name":"wp","href":"https:\/\/api.w.org\/{rel}","templated":true}]}}