{"id":831,"date":"2020-06-11T09:22:54","date_gmt":"2020-06-11T07:22:54","guid":{"rendered":"https:\/\/www.letimbreclassique.com\/geschichte\/"},"modified":"2020-06-16T11:52:32","modified_gmt":"2020-06-16T09:52:32","slug":"geschichte","status":"publish","type":"page","link":"https:\/\/www.letimbreclassique.com\/de\/geschichte\/","title":{"rendered":"GESCHICHTE"},"content":{"rendered":"<p>[et_pb_section fb_built=&#8220;1&#8243; _builder_version=&#8220;4.4.4&#8243; background_color=&#8220;#323a43&#8243; custom_padding=&#8220;20px||20px||false|false&#8220;][et_pb_row custom_padding_last_edited=&#8220;on|tablet&#8220; _builder_version=&#8220;4.4.4&#8243; custom_padding=&#8220;|80px||80px|false|true&#8220; custom_padding_tablet=&#8220;|0px||0px|false|true&#8220; custom_padding_phone=&#8220;&#8220;][et_pb_column type=&#8220;4_4&#8243; _builder_version=&#8220;4.4.4&#8243;][et_pb_text _builder_version=&#8220;4.4.4&#8243; header_text_color=&#8220;#cdba6d&#8220;]<\/p>\n<h1>Geschichte<\/h1>\n<p>[\/et_pb_text][\/et_pb_column][\/et_pb_row][\/et_pb_section][et_pb_section fb_built=&#8220;1&#8243; _builder_version=&#8220;4.4.4&#8243;][et_pb_row custom_padding_last_edited=&#8220;on|phone&#8220; _builder_version=&#8220;4.4.4&#8243; custom_padding=&#8220;|80px||80px|false|true&#8220; custom_padding_tablet=&#8220;|0px||0px|false|true&#8220; custom_padding_phone=&#8220;&#8220;][et_pb_column type=&#8220;4_4&#8243; _builder_version=&#8220;4.4.4&#8243;][et_pb_text _builder_version=&#8220;4.4.4&#8243;]LE TIMBRE CLASSIQUE verbindet seit 50 Jahren Qualit\u00e4t und Zuverl\u00e4ssigkeit.\u00a0\u00a0Gegr\u00fcndet von Herrn Mordente und Mitte der 1970er Jahre von\u00a0Albert Cohen Sabban \u00fcbernommen, hat Le Timbre Classique mit seinen Nettopreisangeboten stets h\u00f6chste Seriosit\u00e4t hinsichtlich der Qualit\u00e4t und Authentizit\u00e4t der Briefmarken gezeigt, die zum Verkauf angeboten wurden.\u00a0Cohen Sabban war Mitglied der A.I.E.P. (The International Association of the Philatelic Experts) und war der ernannte Versicherungsexperte f\u00fcr H.W. Wood (Frankreich), Lloyd&#8217;s of London.<\/p>\n<p>Wir werden diesem Gremium auch weiterhin unser Fachwissen zur Verf\u00fcgung stellen. Das B\u00fcro in der Pariser Rue Drouot 4 wurde beibehalten und wird auch weiterhin der Treffpunkt f\u00fcr Philatelisten sein.[\/et_pb_text][\/et_pb_column][\/et_pb_row][et_pb_row column_structure=&#8220;1_2,1_2&#8243; custom_padding_last_edited=&#8220;on|phone&#8220; _builder_version=&#8220;4.4.4&#8243; custom_padding=&#8220;|80px||80px|false|true&#8220; custom_padding_tablet=&#8220;|0px||0px|false|true&#8220; custom_padding_phone=&#8220;&#8220;][et_pb_column type=&#8220;1_2&#8243; _builder_version=&#8220;4.4.4&#8243;][et_pb_text _builder_version=&#8220;4.4.4&#8243;]<\/p>\n<h4>Dienstleistungen:<\/h4>\n<ul>\n<li>Fernauktion in Paris<\/li>\n<li>Nettopreislisten in Paris<\/li>\n<li>Internationale \u00f6ffentliche Auktionen in Genf<\/li>\n<li>Beratung von Sammlern, um ihre Ausstellungsergebnisse zu verbessern.<\/li>\n<li>Sch\u00e4tzung von franz\u00f6sischen, schweizerischen und ausl\u00e4ndischen Briefmarken.<\/li>\n<\/ul>\n<p>[\/et_pb_text][et_pb_image src=&#8220;https:\/\/www.letimbreclassique.com\/wp-content\/uploads\/2020\/05\/LeTimbreClassique_Stand_Exposition.jpg&#8220; title_text=&#8220;LeTimbreClassique_Stand_Exposition&#8220; _builder_version=&#8220;4.4.4&#8243;][\/et_pb_image][\/et_pb_column][et_pb_column type=&#8220;1_2&#8243; _builder_version=&#8220;4.4.4&#8243;][et_pb_text _builder_version=&#8220;4.4.4&#8243;]Fachgebiete: Ga\u00ebl Caron und Anders Thorell haben in den letzten\u00a0Jahrzehnten ihre Fachkenntnisse in den folgenden philatelistischen Bereichen ausbauen k\u00f6nnen :<\/p>\n<ul>\n<li>Frankreich und die franz\u00f6sischen Kolonien, Briefmarken und Postgeschichte<\/li>\n<li>Schweiz<\/li>\n<li>Russland<\/li>\n<li>Europa mit Deutschland, Skandinavien, Benelux, Spanien und Italien<\/li>\n<li>Gro\u00dfbritannien und Britische Kolonien<\/li>\n<li>Thematische Philatelie, darunter vor allem die Polarphilatelie und die Olympischen Spiele<\/li>\n<li>S\u00fcdamerika<\/li>\n<li>Ganze-Welt-Sammlungen<\/li>\n<\/ul>\n<p>[\/et_pb_text][\/et_pb_column][\/et_pb_row][\/et_pb_section]<\/p>\n","protected":false},"excerpt":{"rendered":"<p>GeschichteLE TIMBRE CLASSIQUE verbindet seit 50 Jahren Qualit\u00e4t und Zuverl\u00e4ssigkeit.\u00a0\u00a0Gegr\u00fcndet von Herrn Mordente und Mitte der 1970er Jahre von\u00a0Albert Cohen Sabban \u00fcbernommen, hat Le Timbre Classique mit seinen Nettopreisangeboten stets h\u00f6chste Seriosit\u00e4t hinsichtlich der Qualit\u00e4t und Authentizit\u00e4t der Briefmarken gezeigt, die zum Verkauf angeboten wurden.\u00a0Cohen Sabban war Mitglied der A.I.E.P. (The International Association of the [&hellip;]<\/p>\n","protected":false},"author":1,"featured_media":0,"parent":0,"menu_order":5,"comment_status":"closed","ping_status":"closed","template":"","meta":{"_et_pb_use_builder":"on","_et_pb_old_content":"","_et_gb_content_width":"","footnotes":""},"class_list":["post-831","page","type-page","status-publish","hentry"],"yoast_head":"<!-- This site is optimized with the Yoast SEO plugin v27.3 - https:\/\/yoast.com\/product\/yoast-seo-wordpress\/ -->\n<title>GESCHICHTE - Le Timbre Classique<\/title>\n<meta name=\"robots\" content=\"index, follow, max-snippet:-1, max-image-preview:large, max-video-preview:-1\" \/>\n<link rel=\"canonical\" href=\"https:\/\/www.letimbreclassique.com\/de\/geschichte\/\" \/>\n<meta property=\"og:locale\" content=\"de_DE\" \/>\n<meta property=\"og:type\" content=\"article\" \/>\n<meta property=\"og:title\" content=\"GESCHICHTE - Le Timbre Classique\" \/>\n<meta property=\"og:description\" content=\"GeschichteLE TIMBRE CLASSIQUE verbindet seit 50 Jahren Qualit\u00e4t und Zuverl\u00e4ssigkeit.\u00a0\u00a0Gegr\u00fcndet von Herrn Mordente und Mitte der 1970er Jahre von\u00a0Albert Cohen Sabban \u00fcbernommen, hat Le Timbre Classique mit seinen Nettopreisangeboten stets h\u00f6chste Seriosit\u00e4t hinsichtlich der Qualit\u00e4t und Authentizit\u00e4t der Briefmarken gezeigt, die zum Verkauf angeboten wurden.\u00a0Cohen Sabban war Mitglied der A.I.E.P. (The International Association of the [&hellip;]\" \/>\n<meta property=\"og:url\" content=\"https:\/\/www.letimbreclassique.com\/de\/geschichte\/\" \/>\n<meta property=\"og:site_name\" content=\"Le Timbre Classique\" \/>\n<meta property=\"article:publisher\" content=\"https:\/\/www.linkedin.com\/company\/le-timbre-classique-sa\" \/>\n<meta property=\"article:modified_time\" content=\"2020-06-16T09:52:32+00:00\" \/>\n<meta name=\"twitter:card\" content=\"summary_large_image\" \/>\n<meta name=\"twitter:label1\" content=\"Gesch\u00e4tzte Lesezeit\" \/>\n\t<meta name=\"twitter:data1\" content=\"2\u00a0Minuten\" \/>\n<script type=\"application\/ld+json\" class=\"yoast-schema-graph\">{\"@context\":\"https:\\\/\\\/schema.org\",\"@graph\":[{\"@type\":\"WebPage\",\"@id\":\"https:\\\/\\\/www.letimbreclassique.com\\\/de\\\/geschichte\\\/\",\"url\":\"https:\\\/\\\/www.letimbreclassique.com\\\/de\\\/geschichte\\\/\",\"name\":\"GESCHICHTE - Le Timbre Classique\",\"isPartOf\":{\"@id\":\"https:\\\/\\\/www.letimbreclassique.com\\\/de\\\/#website\"},\"datePublished\":\"2020-06-11T07:22:54+00:00\",\"dateModified\":\"2020-06-16T09:52:32+00:00\",\"breadcrumb\":{\"@id\":\"https:\\\/\\\/www.letimbreclassique.com\\\/de\\\/geschichte\\\/#breadcrumb\"},\"inLanguage\":\"de\",\"potentialAction\":[{\"@type\":\"ReadAction\",\"target\":[\"https:\\\/\\\/www.letimbreclassique.com\\\/de\\\/geschichte\\\/\"]}]},{\"@type\":\"BreadcrumbList\",\"@id\":\"https:\\\/\\\/www.letimbreclassique.com\\\/de\\\/geschichte\\\/#breadcrumb\",\"itemListElement\":[{\"@type\":\"ListItem\",\"position\":1,\"name\":\"Accueil\",\"item\":\"https:\\\/\\\/www.letimbreclassique.com\\\/de\\\/kaufen\\\/\"},{\"@type\":\"ListItem\",\"position\":2,\"name\":\"GESCHICHTE\"}]},{\"@type\":\"WebSite\",\"@id\":\"https:\\\/\\\/www.letimbreclassique.com\\\/de\\\/#website\",\"url\":\"https:\\\/\\\/www.letimbreclassique.com\\\/de\\\/\",\"name\":\"Le Timbre Classique\",\"description\":\"Briefmarkenexpertise\",\"publisher\":{\"@id\":\"https:\\\/\\\/www.letimbreclassique.com\\\/de\\\/#organization\"},\"potentialAction\":[{\"@type\":\"SearchAction\",\"target\":{\"@type\":\"EntryPoint\",\"urlTemplate\":\"https:\\\/\\\/www.letimbreclassique.com\\\/de\\\/?s={search_term_string}\"},\"query-input\":{\"@type\":\"PropertyValueSpecification\",\"valueRequired\":true,\"valueName\":\"search_term_string\"}}],\"inLanguage\":\"de\"},{\"@type\":\"Organization\",\"@id\":\"https:\\\/\\\/www.letimbreclassique.com\\\/de\\\/#organization\",\"name\":\"Le Timbre classique\",\"url\":\"https:\\\/\\\/www.letimbreclassique.com\\\/de\\\/\",\"logo\":{\"@type\":\"ImageObject\",\"inLanguage\":\"de\",\"@id\":\"https:\\\/\\\/www.letimbreclassique.com\\\/de\\\/#\\\/schema\\\/logo\\\/image\\\/\",\"url\":\"https:\\\/\\\/www.letimbreclassique.com\\\/wp-content\\\/uploads\\\/2021\\\/07\\\/Logo_LTC-1.png\",\"contentUrl\":\"https:\\\/\\\/www.letimbreclassique.com\\\/wp-content\\\/uploads\\\/2021\\\/07\\\/Logo_LTC-1.png\",\"width\":885,\"height\":88,\"caption\":\"Le Timbre classique\"},\"image\":{\"@id\":\"https:\\\/\\\/www.letimbreclassique.com\\\/de\\\/#\\\/schema\\\/logo\\\/image\\\/\"},\"sameAs\":[\"https:\\\/\\\/www.linkedin.com\\\/company\\\/le-timbre-classique-sa\"]}]}<\/script>\n<!-- \/ Yoast SEO plugin. -->","yoast_head_json":{"title":"GESCHICHTE - Le Timbre Classique","robots":{"index":"index","follow":"follow","max-snippet":"max-snippet:-1","max-image-preview":"max-image-preview:large","max-video-preview":"max-video-preview:-1"},"canonical":"https:\/\/www.letimbreclassique.com\/de\/geschichte\/","og_locale":"de_DE","og_type":"article","og_title":"GESCHICHTE - Le Timbre Classique","og_description":"GeschichteLE TIMBRE CLASSIQUE verbindet seit 50 Jahren Qualit\u00e4t und Zuverl\u00e4ssigkeit.\u00a0\u00a0Gegr\u00fcndet von Herrn Mordente und Mitte der 1970er Jahre von\u00a0Albert Cohen Sabban \u00fcbernommen, hat Le Timbre Classique mit seinen Nettopreisangeboten stets h\u00f6chste Seriosit\u00e4t hinsichtlich der Qualit\u00e4t und Authentizit\u00e4t der Briefmarken gezeigt, die zum Verkauf angeboten wurden.\u00a0Cohen Sabban war Mitglied der A.I.E.P. (The International Association of the [&hellip;]","og_url":"https:\/\/www.letimbreclassique.com\/de\/geschichte\/","og_site_name":"Le Timbre Classique","article_publisher":"https:\/\/www.linkedin.com\/company\/le-timbre-classique-sa","article_modified_time":"2020-06-16T09:52:32+00:00","twitter_card":"summary_large_image","twitter_misc":{"Gesch\u00e4tzte Lesezeit":"2\u00a0Minuten"},"schema":{"@context":"https:\/\/schema.org","@graph":[{"@type":"WebPage","@id":"https:\/\/www.letimbreclassique.com\/de\/geschichte\/","url":"https:\/\/www.letimbreclassique.com\/de\/geschichte\/","name":"GESCHICHTE - Le Timbre Classique","isPartOf":{"@id":"https:\/\/www.letimbreclassique.com\/de\/#website"},"datePublished":"2020-06-11T07:22:54+00:00","dateModified":"2020-06-16T09:52:32+00:00","breadcrumb":{"@id":"https:\/\/www.letimbreclassique.com\/de\/geschichte\/#breadcrumb"},"inLanguage":"de","potentialAction":[{"@type":"ReadAction","target":["https:\/\/www.letimbreclassique.com\/de\/geschichte\/"]}]},{"@type":"BreadcrumbList","@id":"https:\/\/www.letimbreclassique.com\/de\/geschichte\/#breadcrumb","itemListElement":[{"@type":"ListItem","position":1,"name":"Accueil","item":"https:\/\/www.letimbreclassique.com\/de\/kaufen\/"},{"@type":"ListItem","position":2,"name":"GESCHICHTE"}]},{"@type":"WebSite","@id":"https:\/\/www.letimbreclassique.com\/de\/#website","url":"https:\/\/www.letimbreclassique.com\/de\/","name":"Le Timbre Classique","description":"Briefmarkenexpertise","publisher":{"@id":"https:\/\/www.letimbreclassique.com\/de\/#organization"},"potentialAction":[{"@type":"SearchAction","target":{"@type":"EntryPoint","urlTemplate":"https:\/\/www.letimbreclassique.com\/de\/?s={search_term_string}"},"query-input":{"@type":"PropertyValueSpecification","valueRequired":true,"valueName":"search_term_string"}}],"inLanguage":"de"},{"@type":"Organization","@id":"https:\/\/www.letimbreclassique.com\/de\/#organization","name":"Le Timbre classique","url":"https:\/\/www.letimbreclassique.com\/de\/","logo":{"@type":"ImageObject","inLanguage":"de","@id":"https:\/\/www.letimbreclassique.com\/de\/#\/schema\/logo\/image\/","url":"https:\/\/www.letimbreclassique.com\/wp-content\/uploads\/2021\/07\/Logo_LTC-1.png","contentUrl":"https:\/\/www.letimbreclassique.com\/wp-content\/uploads\/2021\/07\/Logo_LTC-1.png","width":885,"height":88,"caption":"Le Timbre classique"},"image":{"@id":"https:\/\/www.letimbreclassique.com\/de\/#\/schema\/logo\/image\/"},"sameAs":["https:\/\/www.linkedin.com\/company\/le-timbre-classique-sa"]}]}},"_links":{"self":[{"href":"https:\/\/www.letimbreclassique.com\/de\/wp-json\/wp\/v2\/pages\/831","targetHints":{"allow":["GET"]}}],"collection":[{"href":"https:\/\/www.letimbreclassique.com\/de\/wp-json\/wp\/v2\/pages"}],"about":[{"href":"https:\/\/www.letimbreclassique.com\/de\/wp-json\/wp\/v2\/types\/page"}],"author":[{"embeddable":true,"href":"https:\/\/www.letimbreclassique.com\/de\/wp-json\/wp\/v2\/users\/1"}],"replies":[{"embeddable":true,"href":"https:\/\/www.letimbreclassique.com\/de\/wp-json\/wp\/v2\/comments?post=831"}],"version-history":[{"count":7,"href":"https:\/\/www.letimbreclassique.com\/de\/wp-json\/wp\/v2\/pages\/831\/revisions"}],"predecessor-version":[{"id":941,"href":"https:\/\/www.letimbreclassique.com\/de\/wp-json\/wp\/v2\/pages\/831\/revisions\/941"}],"wp:attachment":[{"href":"https:\/\/www.letimbreclassique.com\/de\/wp-json\/wp\/v2\/media?parent=831"}],"curies":[{"name":"wp","href":"https:\/\/api.w.org\/{rel}","templated":true}]}}