{"id":825,"date":"2020-06-10T13:19:21","date_gmt":"2020-06-10T11:19:21","guid":{"rendered":"https:\/\/www.letimbreclassique.com\/verkaufen\/"},"modified":"2022-11-23T16:22:18","modified_gmt":"2022-11-23T15:22:18","slug":"verkaufen","status":"publish","type":"page","link":"https:\/\/www.letimbreclassique.com\/de\/verkaufen\/","title":{"rendered":"VERKAUFEN"},"content":{"rendered":"<p>[et_pb_section fb_built=&#8220;1&#8243; _builder_version=&#8220;4.4.4&#8243; background_color=&#8220;#323a43&#8243; custom_padding=&#8220;||140px||false|false&#8220;][et_pb_row _builder_version=&#8220;4.4.4&#8243;][et_pb_column type=&#8220;4_4&#8243; _builder_version=&#8220;4.4.4&#8243;][et_pb_text _builder_version=&#8220;4.4.4&#8243; text_text_color=&#8220;#ffffff&#8220; header_text_color=&#8220;#cdba6d&#8220;]<\/p>\n<h1>Wie Sie Briefmarken bei Le Timbre Classique verkaufen k\u00f6nnen<\/h1>\n<p>[\/et_pb_text][\/et_pb_column][\/et_pb_row][et_pb_row column_structure=&#8220;1_3,1_3,1_3&#8243; make_equal=&#8220;on&#8220; module_id=&#8220;ltc-vendre&#8220; _builder_version=&#8220;4.4.4&#8243;][et_pb_column type=&#8220;1_3&#8243; _builder_version=&#8220;4.4.4&#8243; background_color=&#8220;rgba(0,0,0,0)&#8220;][et_pb_text _builder_version=&#8220;4.4.4&#8243; text_text_color=&#8220;#ffffff&#8220; header_text_align=&#8220;left&#8220; header_2_text_align=&#8220;center&#8220; header_2_text_color=&#8220;#cdba6d&#8220; header_2_font_size=&#8220;77px&#8220; background_color=&#8220;rgba(0,0,0,0)&#8220; custom_margin=&#8220;||0px||false|false&#8220; custom_padding=&#8220;10px|10px|5px|10px|false|false&#8220; border_width_bottom=&#8220;2px&#8220; border_color_bottom=&#8220;#cdba6d&#8220;]<\/p>\n<h2>1 <i class=\"fal fa-envelope\"><\/i><\/h2>\n<p>[\/et_pb_text][et_pb_text _builder_version=&#8220;4.4.4&#8243; text_text_color=&#8220;#ffffff&#8220; header_2_text_color=&#8220;#9ae5d3&#8243; background_color=&#8220;rgba(0,0,0,0)&#8220; custom_margin=&#8220;||13px|||&#8220; custom_padding=&#8220;10px|10px|10px|10px|false|false&#8220;]Sie schicken uns&#8230;[\/et_pb_text][et_pb_text module_class=&#8220;ltc-vendre-list&#8220; _builder_version=&#8220;4.4.4&#8243; text_text_color=&#8220;#ffffff&#8220; header_2_text_color=&#8220;#9ae5d3&#8243; background_color=&#8220;rgba(0,0,0,0)&#8220; custom_margin=&#8220;||-1px|||&#8220; custom_padding=&#8220;10px|10px|10px|10px|false|false&#8220;]<i class=\"fal fa-info\" aria-hidden=\"true\"><\/i><\/p>\n<div class=\"ltc-vendre-list-text\">Eine kurze Beschreibung Ihrer Sammlung<\/div>\n<p>[\/et_pb_text][et_pb_text module_class=&#8220;ltc-vendre-list&#8220; _builder_version=&#8220;4.4.4&#8243; text_text_color=&#8220;#ffffff&#8220; header_2_text_color=&#8220;#9ae5d3&#8243; background_color=&#8220;rgba(0,0,0,0)&#8220; custom_margin=&#8220;||-1px|||&#8220; custom_padding=&#8220;10px|10px|10px|10px|false|false&#8220;]<i class=\"fal fa-camera\" aria-hidden=\"true\"><\/i><\/p>\n<div class=\"ltc-vendre-list-text\">Einige Fotos oder Scans<\/div>\n<p>[\/et_pb_text][et_pb_text module_class=&#8220;ltc-vendre-list&#8220; _builder_version=&#8220;4.4.4&#8243; text_text_color=&#8220;#ffffff&#8220; header_2_text_color=&#8220;#9ae5d3&#8243; background_color=&#8220;rgba(0,0,0,0)&#8220; custom_margin=&#8220;||-1px|||&#8220; custom_padding=&#8220;10px|10px|10px|10px|false|false&#8220;]<i class=\"fal fa-at\" aria-hidden=\"true\"><\/i><\/p>\n<div class=\"ltc-vendre-list-text\">Ihre E-Mail-Adresse<\/div>\n<p>[\/et_pb_text][et_pb_text module_class=&#8220;ltc-vendre-list&#8220; _builder_version=&#8220;4.4.4&#8243; text_text_color=&#8220;#ffffff&#8220; header_2_text_color=&#8220;#9ae5d3&#8243; background_color=&#8220;rgba(0,0,0,0)&#8220; custom_padding=&#8220;10px|10px|10px|10px|false|false&#8220;]<i class=\"fal fa-phone\" aria-hidden=\"true\"><\/i><\/p>\n<div class=\"ltc-vendre-list-text\">Ihre Telefonnummer<\/div>\n<p>[\/et_pb_text][\/et_pb_column][et_pb_column type=&#8220;1_3&#8243; _builder_version=&#8220;4.4.4&#8243; background_color=&#8220;rgba(0,0,0,0)&#8220;][et_pb_text _builder_version=&#8220;4.4.4&#8243; text_text_color=&#8220;#ffffff&#8220; header_text_align=&#8220;left&#8220; header_2_text_align=&#8220;center&#8220; header_2_text_color=&#8220;#cdba6d&#8220; header_2_font_size=&#8220;77px&#8220; background_color=&#8220;rgba(0,0,0,0)&#8220; custom_margin=&#8220;||0px||false|false&#8220; custom_padding=&#8220;10px|10px|5px|10px|false|false&#8220; border_width_bottom=&#8220;2px&#8220; border_color_bottom=&#8220;#cdba6d&#8220;]<\/p>\n<h2>2 <i class=\"fal fa-search\"><\/i><\/h2>\n<p>[\/et_pb_text][et_pb_text _builder_version=&#8220;4.4.4&#8243; text_text_color=&#8220;#ffffff&#8220; header_2_text_color=&#8220;#9ae5d3&#8243; background_color=&#8220;rgba(0,0,0,0)&#8220; custom_margin=&#8220;||13px|||&#8220; custom_padding=&#8220;10px|10px|10px|10px|false|false&#8220;]Unsere Experten bewerten&#8230;[\/et_pb_text][et_pb_text module_class=&#8220;ltc-vendre-list&#8220; _builder_version=&#8220;4.4.4&#8243; text_text_color=&#8220;#ffffff&#8220; header_2_text_color=&#8220;#9ae5d3&#8243; background_color=&#8220;rgba(0,0,0,0)&#8220; custom_margin=&#8220;||-1px|||&#8220; custom_padding=&#8220;10px|10px|10px|10px|false|false&#8220;]<i class=\"fal fa-globe\"><\/i><\/p>\n<div class=\"ltc-vendre-list-text\">Den m\u00f6glichen Marktwert<\/div>\n<p>[\/et_pb_text][et_pb_text module_class=&#8220;ltc-vendre-list&#8220; _builder_version=&#8220;4.4.4&#8243; text_text_color=&#8220;#ffffff&#8220; header_2_text_color=&#8220;#9ae5d3&#8243; background_color=&#8220;rgba(0,0,0,0)&#8220; custom_margin=&#8220;||-1px|||&#8220; custom_padding=&#8220;10px|10px|10px|10px|false|false&#8220;]<i class=\"fal fa-sync\"><\/i><\/p>\n<div class=\"ltc-vendre-list-text\">Die kostenlose Sch\u00e4tzung ist unverbindlich<\/div>\n<p>[\/et_pb_text][\/et_pb_column][et_pb_column type=&#8220;1_3&#8243; _builder_version=&#8220;4.4.4&#8243; background_color=&#8220;rgba(0,0,0,0)&#8220;][et_pb_text _builder_version=&#8220;4.4.4&#8243; text_text_color=&#8220;#ffffff&#8220; header_text_align=&#8220;left&#8220; header_2_text_align=&#8220;center&#8220; header_2_text_color=&#8220;#cdba6d&#8220; header_2_font_size=&#8220;77px&#8220; background_color=&#8220;rgba(0,0,0,0)&#8220; custom_margin=&#8220;||0px||false|false&#8220; custom_padding=&#8220;10px|10px|5px|10px|false|false&#8220; border_width_bottom=&#8220;2px&#8220; border_color_bottom=&#8220;#cdba6d&#8220;]<\/p>\n<h2><span style=\"font-size:82%;\">3<\/span> <i class=\"fal fa-shield-check\"><\/i><\/h2>\n<p>[\/et_pb_text][et_pb_text _builder_version=&#8220;4.4.4&#8243; text_text_color=&#8220;#ffffff&#8220; header_2_text_color=&#8220;#9ae5d3&#8243; background_color=&#8220;rgba(0,0,0,0)&#8220; custom_margin=&#8220;||13px|||&#8220; custom_padding=&#8220;10px|10px|10px|10px|false|false&#8220;]Wir unterbreiten Ihnen dann&#8230;[\/et_pb_text][et_pb_text module_class=&#8220;ltc-vendre-list&#8220; _builder_version=&#8220;4.4.4&#8243; text_text_color=&#8220;#ffffff&#8220; header_2_text_color=&#8220;#9ae5d3&#8243; background_color=&#8220;rgba(0,0,0,0)&#8220; custom_margin=&#8220;||-1px|||&#8220; custom_padding=&#8220;10px|10px|10px|10px|false|false&#8220;]<i class=\"fal fa-check-square\"><\/i><\/p>\n<div class=\"ltc-vendre-list-text\">Das Ergebnis unserer Sch\u00e4tzung<\/div>\n<p>[\/et_pb_text][et_pb_text module_class=&#8220;ltc-vendre-list&#8220; _builder_version=&#8220;4.4.4&#8243; text_text_color=&#8220;#ffffff&#8220; header_2_text_color=&#8220;#9ae5d3&#8243; background_color=&#8220;rgba(0,0,0,0)&#8220; custom_margin=&#8220;||-1px|||&#8220; custom_padding=&#8220;10px|10px|10px|10px|false|false&#8220;]<i class=\"fal fa-euro-sign\"><\/i><\/p>\n<div class=\"ltc-vendre-list-text\">Verschiedene M\u00f6glichkeiten, Ihre Sammlung zum bestm\u00f6glichen Marktwert zu verkaufen<\/div>\n<p>[\/et_pb_text][\/et_pb_column][\/et_pb_row][et_pb_row column_structure=&#8220;1_2,1_2&#8243; _builder_version=&#8220;4.4.4&#8243;][et_pb_column type=&#8220;1_2&#8243; _builder_version=&#8220;4.4.4&#8243;][et_pb_button button_url=&#8220;@ET-DC@eyJkeW5hbWljIjp0cnVlLCJjb250ZW50IjoicG9zdF9saW5rX3VybF9wYWdlIiwic2V0dGluZ3MiOnsicG9zdF9pZCI6IjMzOSJ9fQ==@&#8220; button_text=&#8220;Verkaufen Sie Ihre Briefmarken in Genf&#8220; button_alignment=&#8220;center&#8220; _builder_version=&#8220;4.4.4&#8243; _dynamic_attributes=&#8220;button_url&#8220; custom_button=&#8220;on&#8220; button_text_size=&#8220;26px&#8220;][\/et_pb_button][\/et_pb_column][et_pb_column type=&#8220;1_2&#8243; _builder_version=&#8220;4.4.4&#8243;][et_pb_button button_url=&#8220;@ET-DC@eyJkeW5hbWljIjp0cnVlLCJjb250ZW50IjoicG9zdF9saW5rX3VybF9wYWdlIiwic2V0dGluZ3MiOnsicG9zdF9pZCI6IjM0MSJ9fQ==@&#8220; button_text=&#8220;Verkaufen Sie Ihre Briefmarken in Paris&#8220; button_alignment=&#8220;center&#8220; _builder_version=&#8220;4.4.4&#8243; _dynamic_attributes=&#8220;button_url&#8220; custom_button=&#8220;on&#8220; button_text_size=&#8220;26px&#8220;][\/et_pb_button][\/et_pb_column][\/et_pb_row][\/et_pb_section][et_pb_section fb_built=&#8220;1&#8243; _builder_version=&#8220;4.4.4&#8243;][et_pb_row _builder_version=&#8220;4.4.4&#8243;][et_pb_column type=&#8220;4_4&#8243; _builder_version=&#8220;4.4.4&#8243;][et_pb_text _builder_version=&#8220;4.4.4&#8243; header_text_align=&#8220;center&#8220;]<\/p>\n<h1>Links<\/h1>\n<p>[\/et_pb_text][\/et_pb_column][\/et_pb_row][et_pb_row column_structure=&#8220;1_3,1_3,1_3&#8243; _builder_version=&#8220;4.4.4&#8243;][et_pb_column type=&#8220;1_3&#8243; _builder_version=&#8220;4.4.4&#8243;][et_pb_image src=&#8220;https:\/\/www.letimbreclassique.com\/wp-content\/uploads\/2020\/05\/Logo_FFAP.jpg&#8220; title_text=&#8220;Logo_FFAP&#8220; url=&#8220;https:\/\/www.ffap.net&#8220; url_new_window=&#8220;on&#8220; align=&#8220;center&#8220; _builder_version=&#8220;4.4.4&#8243; max_height=&#8220;150px&#8220;][\/et_pb_image][\/et_pb_column][et_pb_column type=&#8220;1_3&#8243; _builder_version=&#8220;4.4.4&#8243;][et_pb_image src=&#8220;https:\/\/www.letimbreclassique.com\/wp-content\/uploads\/2020\/05\/Logo_AEP.jpeg&#8220; title_text=&#8220;Logo_AEP&#8220; url=&#8220;http:\/\/www.aephil.com&#8220; url_new_window=&#8220;on&#8220; align=&#8220;center&#8220; _builder_version=&#8220;4.4.4&#8243; max_height=&#8220;200px&#8220;][\/et_pb_image][\/et_pb_column][et_pb_column type=&#8220;1_3&#8243; _builder_version=&#8220;4.4.4&#8243;][et_pb_image src=&#8220;https:\/\/www.letimbreclassique.com\/wp-content\/uploads\/2020\/05\/logoFSPS.jpg&#8220; title_text=&#8220;logoFSPS&#8220; url=&#8220;https:\/\/www.vsphv.ch&#8220; url_new_window=&#8220;on&#8220; align=&#8220;center&#8220; _builder_version=&#8220;4.4.4&#8243; max_height=&#8220;200px&#8220; custom_padding=&#8220;35px||||false|false&#8220;][\/et_pb_image][\/et_pb_column][\/et_pb_row][\/et_pb_section]<\/p>\n","protected":false},"excerpt":{"rendered":"<p>Wie Sie Briefmarken bei Le Timbre Classique verkaufen k\u00f6nnen1 Sie schicken uns&#8230; Eine kurze Beschreibung Ihrer Sammlung Einige Fotos oder Scans Ihre E-Mail-Adresse Ihre Telefonnummer2 Unsere Experten bewerten&#8230; Den m\u00f6glichen Marktwert Die kostenlose Sch\u00e4tzung ist unverbindlich3 Wir unterbreiten Ihnen dann&#8230; Das Ergebnis unserer Sch\u00e4tzung Verschiedene M\u00f6glichkeiten, Ihre Sammlung zum bestm\u00f6glichen Marktwert zu verkaufenLinks<\/p>\n","protected":false},"author":1,"featured_media":0,"parent":0,"menu_order":2,"comment_status":"closed","ping_status":"closed","template":"","meta":{"_et_pb_use_builder":"on","_et_pb_old_content":"","_et_gb_content_width":"","footnotes":""},"class_list":["post-825","page","type-page","status-publish","hentry"],"yoast_head":"<!-- This site is optimized with the Yoast SEO plugin v27.4 - https:\/\/yoast.com\/product\/yoast-seo-wordpress\/ -->\n<title>VERKAUFEN - Le Timbre Classique<\/title>\n<meta name=\"robots\" content=\"index, follow, max-snippet:-1, max-image-preview:large, max-video-preview:-1\" \/>\n<link rel=\"canonical\" href=\"https:\/\/www.letimbreclassique.com\/de\/verkaufen\/\" \/>\n<meta property=\"og:locale\" content=\"de_DE\" \/>\n<meta property=\"og:type\" content=\"article\" \/>\n<meta property=\"og:title\" content=\"VERKAUFEN - Le Timbre Classique\" \/>\n<meta property=\"og:description\" content=\"Wie Sie Briefmarken bei Le Timbre Classique verkaufen k\u00f6nnen1 Sie schicken uns... Eine kurze Beschreibung Ihrer Sammlung Einige Fotos oder Scans Ihre E-Mail-Adresse Ihre Telefonnummer2 Unsere Experten bewerten... Den m\u00f6glichen Marktwert Die kostenlose Sch\u00e4tzung ist unverbindlich3 Wir unterbreiten Ihnen dann... Das Ergebnis unserer Sch\u00e4tzung Verschiedene M\u00f6glichkeiten, Ihre Sammlung zum bestm\u00f6glichen Marktwert zu verkaufenLinks\" \/>\n<meta property=\"og:url\" content=\"https:\/\/www.letimbreclassique.com\/de\/verkaufen\/\" \/>\n<meta property=\"og:site_name\" content=\"Le Timbre Classique\" \/>\n<meta property=\"article:publisher\" content=\"https:\/\/www.linkedin.com\/company\/le-timbre-classique-sa\" \/>\n<meta property=\"article:modified_time\" content=\"2022-11-23T15:22:18+00:00\" \/>\n<meta name=\"twitter:card\" content=\"summary_large_image\" \/>\n<meta name=\"twitter:label1\" content=\"Gesch\u00e4tzte Lesezeit\" \/>\n\t<meta name=\"twitter:data1\" content=\"5\u00a0Minuten\" \/>\n<script type=\"application\/ld+json\" class=\"yoast-schema-graph\">{\"@context\":\"https:\\\/\\\/schema.org\",\"@graph\":[{\"@type\":\"WebPage\",\"@id\":\"https:\\\/\\\/www.letimbreclassique.com\\\/de\\\/verkaufen\\\/\",\"url\":\"https:\\\/\\\/www.letimbreclassique.com\\\/de\\\/verkaufen\\\/\",\"name\":\"VERKAUFEN - Le Timbre Classique\",\"isPartOf\":{\"@id\":\"https:\\\/\\\/www.letimbreclassique.com\\\/de\\\/#website\"},\"datePublished\":\"2020-06-10T11:19:21+00:00\",\"dateModified\":\"2022-11-23T15:22:18+00:00\",\"breadcrumb\":{\"@id\":\"https:\\\/\\\/www.letimbreclassique.com\\\/de\\\/verkaufen\\\/#breadcrumb\"},\"inLanguage\":\"de\",\"potentialAction\":[{\"@type\":\"ReadAction\",\"target\":[\"https:\\\/\\\/www.letimbreclassique.com\\\/de\\\/verkaufen\\\/\"]}]},{\"@type\":\"BreadcrumbList\",\"@id\":\"https:\\\/\\\/www.letimbreclassique.com\\\/de\\\/verkaufen\\\/#breadcrumb\",\"itemListElement\":[{\"@type\":\"ListItem\",\"position\":1,\"name\":\"Accueil\",\"item\":\"https:\\\/\\\/www.letimbreclassique.com\\\/de\\\/kaufen\\\/\"},{\"@type\":\"ListItem\",\"position\":2,\"name\":\"VERKAUFEN\"}]},{\"@type\":\"WebSite\",\"@id\":\"https:\\\/\\\/www.letimbreclassique.com\\\/de\\\/#website\",\"url\":\"https:\\\/\\\/www.letimbreclassique.com\\\/de\\\/\",\"name\":\"Le Timbre Classique\",\"description\":\"Briefmarkenexpertise\",\"publisher\":{\"@id\":\"https:\\\/\\\/www.letimbreclassique.com\\\/de\\\/#organization\"},\"potentialAction\":[{\"@type\":\"SearchAction\",\"target\":{\"@type\":\"EntryPoint\",\"urlTemplate\":\"https:\\\/\\\/www.letimbreclassique.com\\\/de\\\/?s={search_term_string}\"},\"query-input\":{\"@type\":\"PropertyValueSpecification\",\"valueRequired\":true,\"valueName\":\"search_term_string\"}}],\"inLanguage\":\"de\"},{\"@type\":\"Organization\",\"@id\":\"https:\\\/\\\/www.letimbreclassique.com\\\/de\\\/#organization\",\"name\":\"Le Timbre classique\",\"url\":\"https:\\\/\\\/www.letimbreclassique.com\\\/de\\\/\",\"logo\":{\"@type\":\"ImageObject\",\"inLanguage\":\"de\",\"@id\":\"https:\\\/\\\/www.letimbreclassique.com\\\/de\\\/#\\\/schema\\\/logo\\\/image\\\/\",\"url\":\"https:\\\/\\\/www.letimbreclassique.com\\\/wp-content\\\/uploads\\\/2021\\\/07\\\/Logo_LTC-1.png\",\"contentUrl\":\"https:\\\/\\\/www.letimbreclassique.com\\\/wp-content\\\/uploads\\\/2021\\\/07\\\/Logo_LTC-1.png\",\"width\":885,\"height\":88,\"caption\":\"Le Timbre classique\"},\"image\":{\"@id\":\"https:\\\/\\\/www.letimbreclassique.com\\\/de\\\/#\\\/schema\\\/logo\\\/image\\\/\"},\"sameAs\":[\"https:\\\/\\\/www.linkedin.com\\\/company\\\/le-timbre-classique-sa\"]}]}<\/script>\n<!-- \/ Yoast SEO plugin. -->","yoast_head_json":{"title":"VERKAUFEN - Le Timbre Classique","robots":{"index":"index","follow":"follow","max-snippet":"max-snippet:-1","max-image-preview":"max-image-preview:large","max-video-preview":"max-video-preview:-1"},"canonical":"https:\/\/www.letimbreclassique.com\/de\/verkaufen\/","og_locale":"de_DE","og_type":"article","og_title":"VERKAUFEN - Le Timbre Classique","og_description":"Wie Sie Briefmarken bei Le Timbre Classique verkaufen k\u00f6nnen1 Sie schicken uns... Eine kurze Beschreibung Ihrer Sammlung Einige Fotos oder Scans Ihre E-Mail-Adresse Ihre Telefonnummer2 Unsere Experten bewerten... Den m\u00f6glichen Marktwert Die kostenlose Sch\u00e4tzung ist unverbindlich3 Wir unterbreiten Ihnen dann... Das Ergebnis unserer Sch\u00e4tzung Verschiedene M\u00f6glichkeiten, Ihre Sammlung zum bestm\u00f6glichen Marktwert zu verkaufenLinks","og_url":"https:\/\/www.letimbreclassique.com\/de\/verkaufen\/","og_site_name":"Le Timbre Classique","article_publisher":"https:\/\/www.linkedin.com\/company\/le-timbre-classique-sa","article_modified_time":"2022-11-23T15:22:18+00:00","twitter_card":"summary_large_image","twitter_misc":{"Gesch\u00e4tzte Lesezeit":"5\u00a0Minuten"},"schema":{"@context":"https:\/\/schema.org","@graph":[{"@type":"WebPage","@id":"https:\/\/www.letimbreclassique.com\/de\/verkaufen\/","url":"https:\/\/www.letimbreclassique.com\/de\/verkaufen\/","name":"VERKAUFEN - Le Timbre Classique","isPartOf":{"@id":"https:\/\/www.letimbreclassique.com\/de\/#website"},"datePublished":"2020-06-10T11:19:21+00:00","dateModified":"2022-11-23T15:22:18+00:00","breadcrumb":{"@id":"https:\/\/www.letimbreclassique.com\/de\/verkaufen\/#breadcrumb"},"inLanguage":"de","potentialAction":[{"@type":"ReadAction","target":["https:\/\/www.letimbreclassique.com\/de\/verkaufen\/"]}]},{"@type":"BreadcrumbList","@id":"https:\/\/www.letimbreclassique.com\/de\/verkaufen\/#breadcrumb","itemListElement":[{"@type":"ListItem","position":1,"name":"Accueil","item":"https:\/\/www.letimbreclassique.com\/de\/kaufen\/"},{"@type":"ListItem","position":2,"name":"VERKAUFEN"}]},{"@type":"WebSite","@id":"https:\/\/www.letimbreclassique.com\/de\/#website","url":"https:\/\/www.letimbreclassique.com\/de\/","name":"Le Timbre Classique","description":"Briefmarkenexpertise","publisher":{"@id":"https:\/\/www.letimbreclassique.com\/de\/#organization"},"potentialAction":[{"@type":"SearchAction","target":{"@type":"EntryPoint","urlTemplate":"https:\/\/www.letimbreclassique.com\/de\/?s={search_term_string}"},"query-input":{"@type":"PropertyValueSpecification","valueRequired":true,"valueName":"search_term_string"}}],"inLanguage":"de"},{"@type":"Organization","@id":"https:\/\/www.letimbreclassique.com\/de\/#organization","name":"Le Timbre classique","url":"https:\/\/www.letimbreclassique.com\/de\/","logo":{"@type":"ImageObject","inLanguage":"de","@id":"https:\/\/www.letimbreclassique.com\/de\/#\/schema\/logo\/image\/","url":"https:\/\/www.letimbreclassique.com\/wp-content\/uploads\/2021\/07\/Logo_LTC-1.png","contentUrl":"https:\/\/www.letimbreclassique.com\/wp-content\/uploads\/2021\/07\/Logo_LTC-1.png","width":885,"height":88,"caption":"Le Timbre classique"},"image":{"@id":"https:\/\/www.letimbreclassique.com\/de\/#\/schema\/logo\/image\/"},"sameAs":["https:\/\/www.linkedin.com\/company\/le-timbre-classique-sa"]}]}},"_links":{"self":[{"href":"https:\/\/www.letimbreclassique.com\/de\/wp-json\/wp\/v2\/pages\/825","targetHints":{"allow":["GET"]}}],"collection":[{"href":"https:\/\/www.letimbreclassique.com\/de\/wp-json\/wp\/v2\/pages"}],"about":[{"href":"https:\/\/www.letimbreclassique.com\/de\/wp-json\/wp\/v2\/types\/page"}],"author":[{"embeddable":true,"href":"https:\/\/www.letimbreclassique.com\/de\/wp-json\/wp\/v2\/users\/1"}],"replies":[{"embeddable":true,"href":"https:\/\/www.letimbreclassique.com\/de\/wp-json\/wp\/v2\/comments?post=825"}],"version-history":[{"count":34,"href":"https:\/\/www.letimbreclassique.com\/de\/wp-json\/wp\/v2\/pages\/825\/revisions"}],"predecessor-version":[{"id":35980,"href":"https:\/\/www.letimbreclassique.com\/de\/wp-json\/wp\/v2\/pages\/825\/revisions\/35980"}],"wp:attachment":[{"href":"https:\/\/www.letimbreclassique.com\/de\/wp-json\/wp\/v2\/media?parent=825"}],"curies":[{"name":"wp","href":"https:\/\/api.w.org\/{rel}","templated":true}]}}