{"id":33714,"date":"2022-03-22T11:27:06","date_gmt":"2022-03-22T10:27:06","guid":{"rendered":"https:\/\/www.letimbreclassique.com\/verkaufen\/schaetzung-ihrer-briefmarken\/"},"modified":"2022-03-22T11:27:06","modified_gmt":"2022-03-22T10:27:06","slug":"schaetzung-ihrer-briefmarken","status":"publish","type":"page","link":"https:\/\/www.letimbreclassique.com\/de\/verkaufen\/schaetzung-ihrer-briefmarken\/","title":{"rendered":"Sch\u00e4tzung Ihrer Briefmarken"},"content":{"rendered":"<p>[et_pb_section fb_built=&#8220;1&#8243; module_id=&#8220;contact-form&#8220; _builder_version=&#8220;4.4.4&#8243; background_color=&#8220;rgba(0,0,0,0)&#8220; global_colors_info=&#8220;{}&#8220; theme_builder_area=&#8220;post_content&#8220;][et_pb_row _builder_version=&#8220;4.4.4&#8243; global_colors_info=&#8220;{}&#8220; theme_builder_area=&#8220;post_content&#8220;][et_pb_column type=&#8220;4_4&#8243; _builder_version=&#8220;4.4.4&#8243; global_colors_info=&#8220;{}&#8220; theme_builder_area=&#8220;post_content&#8220;][et_pb_text _builder_version=&#8220;4.4.4&#8243; header_3_text_align=&#8220;center&#8220; header_3_text_color=&#8220;#cdba6d&#8220; global_colors_info=&#8220;{}&#8220; theme_builder_area=&#8220;post_content&#8220;]<\/p>\n<h3>Ben\u00f6tigen Sie eine Sch\u00e4tzung Ihrer Briefmarken?<\/h3>\n<p>[\/et_pb_text][et_pb_contact_form email=&#8220;estimation@letimbreclassique.com&#8220; custom_message=&#8220;Name: %%Name%%||et_pb_line_break_holder||Firstname: %%Firstname%%||et_pb_line_break_holder||Email: %%Email%%||et_pb_line_break_holder||Phone: %%Phone%%||et_pb_line_break_holder||Message:||et_pb_line_break_holder||%%Message%%&#8220; module_class=&#8220;contact-form-vendre&#8220; _builder_version=&#8220;4.13.1&#8243; _unique_id=&#8220;9093d90a-23ba-4a90-8604-d21c242633ca&#8220; custom_button=&#8220;on&#8220; button_border_width=&#8220;1px&#8220; global_colors_info=&#8220;{}&#8220; theme_builder_area=&#8220;post_content&#8220;][et_pb_contact_field field_id=&#8220;Name&#8220; field_title=&#8220;Ihr Nachname&#8220; _builder_version=&#8220;4.4.4&#8243; global_colors_info=&#8220;{}&#8220; button_text_size__hover_enabled=&#8220;off&#8220; button_one_text_size__hover_enabled=&#8220;off&#8220; button_two_text_size__hover_enabled=&#8220;off&#8220; button_text_color__hover_enabled=&#8220;off&#8220; button_one_text_color__hover_enabled=&#8220;off&#8220; button_two_text_color__hover_enabled=&#8220;off&#8220; button_border_width__hover_enabled=&#8220;off&#8220; button_one_border_width__hover_enabled=&#8220;off&#8220; button_two_border_width__hover_enabled=&#8220;off&#8220; button_border_color__hover_enabled=&#8220;off&#8220; button_one_border_color__hover_enabled=&#8220;off&#8220; button_two_border_color__hover_enabled=&#8220;off&#8220; button_border_radius__hover_enabled=&#8220;off&#8220; button_one_border_radius__hover_enabled=&#8220;off&#8220; button_two_border_radius__hover_enabled=&#8220;off&#8220; button_letter_spacing__hover_enabled=&#8220;off&#8220; button_one_letter_spacing__hover_enabled=&#8220;off&#8220; button_two_letter_spacing__hover_enabled=&#8220;off&#8220; button_bg_color__hover_enabled=&#8220;off&#8220; button_one_bg_color__hover_enabled=&#8220;off&#8220; button_two_bg_color__hover_enabled=&#8220;off&#8220; theme_builder_area=&#8220;post_content&#8220;][\/et_pb_contact_field][et_pb_contact_field field_id=&#8220;Firstname&#8220; field_title=&#8220;Ihr Vorname&#8220; _builder_version=&#8220;4.4.4&#8243; global_colors_info=&#8220;{}&#8220; theme_builder_area=&#8220;post_content&#8220;][\/et_pb_contact_field][et_pb_contact_field field_id=&#8220;Email&#8220; field_title=&#8220;Ihre E-Mail-Adresse &#8220; field_type=&#8220;email&#8220; _builder_version=&#8220;4.4.8&#8243; global_colors_info=&#8220;{}&#8220; theme_builder_area=&#8220;post_content&#8220;][\/et_pb_contact_field][et_pb_contact_field field_id=&#8220;Phone&#8220; field_title=&#8220;Ihre Telefonnummer mit Vorwahl&#8220; _builder_version=&#8220;4.10.7&#8243; global_colors_info=&#8220;{}&#8220; theme_builder_area=&#8220;post_content&#8220;][\/et_pb_contact_field][et_pb_contact_field field_id=&#8220;Message&#8220; field_title=&#8220;Ihre Nachricht&#8220; field_type=&#8220;text&#8220; fullwidth_field=&#8220;on&#8220; _builder_version=&#8220;4.4.4&#8243; global_colors_info=&#8220;{}&#8220; button_text_size__hover_enabled=&#8220;off&#8220; button_one_text_size__hover_enabled=&#8220;off&#8220; button_two_text_size__hover_enabled=&#8220;off&#8220; button_text_color__hover_enabled=&#8220;off&#8220; button_one_text_color__hover_enabled=&#8220;off&#8220; button_two_text_color__hover_enabled=&#8220;off&#8220; button_border_width__hover_enabled=&#8220;off&#8220; button_one_border_width__hover_enabled=&#8220;off&#8220; button_two_border_width__hover_enabled=&#8220;off&#8220; button_border_color__hover_enabled=&#8220;off&#8220; button_one_border_color__hover_enabled=&#8220;off&#8220; button_two_border_color__hover_enabled=&#8220;off&#8220; button_border_radius__hover_enabled=&#8220;off&#8220; button_one_border_radius__hover_enabled=&#8220;off&#8220; button_two_border_radius__hover_enabled=&#8220;off&#8220; button_letter_spacing__hover_enabled=&#8220;off&#8220; button_one_letter_spacing__hover_enabled=&#8220;off&#8220; button_two_letter_spacing__hover_enabled=&#8220;off&#8220; button_bg_color__hover_enabled=&#8220;off&#8220; button_one_bg_color__hover_enabled=&#8220;off&#8220; button_two_bg_color__hover_enabled=&#8220;off&#8220; theme_builder_area=&#8220;post_content&#8220;][\/et_pb_contact_field][\/et_pb_contact_form][et_pb_cta button_url=&#8220;https:\/\/www.swisstransfer.com\/&#8220; button_text=&#8220;Scans senden&#8220; _builder_version=&#8220;4.10.7&#8243; header_text_color=&#8220;#cdba6d&#8220; custom_button=&#8220;on&#8220; button_border_width=&#8220;1px&#8220; global_colors_info=&#8220;{}&#8220; theme_builder_area=&#8220;post_content&#8220;]<\/p>\n<p>Wenn Sie uns Fotos Ihrer Briefmarkensammlung schicken wollen, nutzen Sie am besten den Dateitransferdienst\u00a0https:\/\/<a href=\"http:\/\/www.swisstransfer.com\/\">www.swisstransfer.com<\/a>\/ um uns einen Link zu senden, \u00fcber den wir diese Bilder herunterladen k\u00f6nnen.\u00a0 Email : info@letimbreclassique.com<\/p>\n<p>[\/et_pb_cta][\/et_pb_column][\/et_pb_row][\/et_pb_section]<\/p>\n","protected":false},"excerpt":{"rendered":"<p>Ben\u00f6tigen Sie eine Sch\u00e4tzung Ihrer Briefmarken?Wenn Sie uns Fotos Ihrer Briefmarkensammlung schicken wollen, nutzen Sie am besten den Dateitransferdienst\u00a0https:\/\/www.swisstransfer.com\/ um uns einen Link zu senden, \u00fcber den wir diese Bilder herunterladen k\u00f6nnen.\u00a0 Email : info@letimbreclassique.com<\/p>\n","protected":false},"author":1,"featured_media":0,"parent":825,"menu_order":3,"comment_status":"closed","ping_status":"closed","template":"","meta":{"_et_pb_use_builder":"on","_et_pb_old_content":"","_et_gb_content_width":"","footnotes":""},"class_list":["post-33714","page","type-page","status-publish","hentry"],"yoast_head":"<!-- This site is optimized with the Yoast SEO plugin v27.5 - https:\/\/yoast.com\/product\/yoast-seo-wordpress\/ -->\n<title>Sch\u00e4tzung Ihrer Briefmarken - Le Timbre Classique<\/title>\n<meta name=\"robots\" content=\"index, follow, max-snippet:-1, max-image-preview:large, max-video-preview:-1\" \/>\n<link rel=\"canonical\" href=\"https:\/\/www.letimbreclassique.com\/de\/verkaufen\/schaetzung-ihrer-briefmarken\/\" \/>\n<meta property=\"og:locale\" content=\"de_DE\" \/>\n<meta property=\"og:type\" content=\"article\" \/>\n<meta property=\"og:title\" content=\"Sch\u00e4tzung Ihrer Briefmarken - Le Timbre Classique\" \/>\n<meta property=\"og:description\" content=\"Ben\u00f6tigen Sie eine Sch\u00e4tzung Ihrer Briefmarken?Wenn Sie uns Fotos Ihrer Briefmarkensammlung schicken wollen, nutzen Sie am besten den Dateitransferdienst\u00a0https:\/\/www.swisstransfer.com\/ um uns einen Link zu senden, \u00fcber den wir diese Bilder herunterladen k\u00f6nnen.\u00a0 Email : info@letimbreclassique.com\" \/>\n<meta property=\"og:url\" content=\"https:\/\/www.letimbreclassique.com\/de\/verkaufen\/schaetzung-ihrer-briefmarken\/\" \/>\n<meta property=\"og:site_name\" content=\"Le Timbre Classique\" \/>\n<meta property=\"article:publisher\" content=\"https:\/\/www.linkedin.com\/company\/le-timbre-classique-sa\" \/>\n<meta name=\"twitter:card\" content=\"summary_large_image\" \/>\n<meta name=\"twitter:label1\" content=\"Gesch\u00e4tzte Lesezeit\" \/>\n\t<meta name=\"twitter:data1\" content=\"3\u00a0Minuten\" \/>\n<script type=\"application\/ld+json\" class=\"yoast-schema-graph\">{\"@context\":\"https:\\\/\\\/schema.org\",\"@graph\":[{\"@type\":\"WebPage\",\"@id\":\"https:\\\/\\\/www.letimbreclassique.com\\\/de\\\/verkaufen\\\/schaetzung-ihrer-briefmarken\\\/\",\"url\":\"https:\\\/\\\/www.letimbreclassique.com\\\/de\\\/verkaufen\\\/schaetzung-ihrer-briefmarken\\\/\",\"name\":\"Sch\u00e4tzung Ihrer Briefmarken - Le Timbre Classique\",\"isPartOf\":{\"@id\":\"https:\\\/\\\/www.letimbreclassique.com\\\/de\\\/#website\"},\"datePublished\":\"2022-03-22T10:27:06+00:00\",\"breadcrumb\":{\"@id\":\"https:\\\/\\\/www.letimbreclassique.com\\\/de\\\/verkaufen\\\/schaetzung-ihrer-briefmarken\\\/#breadcrumb\"},\"inLanguage\":\"de\",\"potentialAction\":[{\"@type\":\"ReadAction\",\"target\":[\"https:\\\/\\\/www.letimbreclassique.com\\\/de\\\/verkaufen\\\/schaetzung-ihrer-briefmarken\\\/\"]}]},{\"@type\":\"BreadcrumbList\",\"@id\":\"https:\\\/\\\/www.letimbreclassique.com\\\/de\\\/verkaufen\\\/schaetzung-ihrer-briefmarken\\\/#breadcrumb\",\"itemListElement\":[{\"@type\":\"ListItem\",\"position\":1,\"name\":\"Accueil\",\"item\":\"https:\\\/\\\/www.letimbreclassique.com\\\/de\\\/kaufen\\\/\"},{\"@type\":\"ListItem\",\"position\":2,\"name\":\"VERKAUFEN\",\"item\":\"https:\\\/\\\/www.letimbreclassique.com\\\/de\\\/vendre\\\/\"},{\"@type\":\"ListItem\",\"position\":3,\"name\":\"Sch\u00e4tzung Ihrer Briefmarken\"}]},{\"@type\":\"WebSite\",\"@id\":\"https:\\\/\\\/www.letimbreclassique.com\\\/de\\\/#website\",\"url\":\"https:\\\/\\\/www.letimbreclassique.com\\\/de\\\/\",\"name\":\"Le Timbre Classique\",\"description\":\"Briefmarkenexpertise\",\"publisher\":{\"@id\":\"https:\\\/\\\/www.letimbreclassique.com\\\/de\\\/#organization\"},\"potentialAction\":[{\"@type\":\"SearchAction\",\"target\":{\"@type\":\"EntryPoint\",\"urlTemplate\":\"https:\\\/\\\/www.letimbreclassique.com\\\/de\\\/?s={search_term_string}\"},\"query-input\":{\"@type\":\"PropertyValueSpecification\",\"valueRequired\":true,\"valueName\":\"search_term_string\"}}],\"inLanguage\":\"de\"},{\"@type\":\"Organization\",\"@id\":\"https:\\\/\\\/www.letimbreclassique.com\\\/de\\\/#organization\",\"name\":\"Le Timbre classique\",\"url\":\"https:\\\/\\\/www.letimbreclassique.com\\\/de\\\/\",\"logo\":{\"@type\":\"ImageObject\",\"inLanguage\":\"de\",\"@id\":\"https:\\\/\\\/www.letimbreclassique.com\\\/de\\\/#\\\/schema\\\/logo\\\/image\\\/\",\"url\":\"https:\\\/\\\/www.letimbreclassique.com\\\/wp-content\\\/uploads\\\/2021\\\/07\\\/Logo_LTC-1.png\",\"contentUrl\":\"https:\\\/\\\/www.letimbreclassique.com\\\/wp-content\\\/uploads\\\/2021\\\/07\\\/Logo_LTC-1.png\",\"width\":885,\"height\":88,\"caption\":\"Le Timbre classique\"},\"image\":{\"@id\":\"https:\\\/\\\/www.letimbreclassique.com\\\/de\\\/#\\\/schema\\\/logo\\\/image\\\/\"},\"sameAs\":[\"https:\\\/\\\/www.linkedin.com\\\/company\\\/le-timbre-classique-sa\"]}]}<\/script>\n<!-- \/ Yoast SEO plugin. -->","yoast_head_json":{"title":"Sch\u00e4tzung Ihrer Briefmarken - Le Timbre Classique","robots":{"index":"index","follow":"follow","max-snippet":"max-snippet:-1","max-image-preview":"max-image-preview:large","max-video-preview":"max-video-preview:-1"},"canonical":"https:\/\/www.letimbreclassique.com\/de\/verkaufen\/schaetzung-ihrer-briefmarken\/","og_locale":"de_DE","og_type":"article","og_title":"Sch\u00e4tzung Ihrer Briefmarken - Le Timbre Classique","og_description":"Ben\u00f6tigen Sie eine Sch\u00e4tzung Ihrer Briefmarken?Wenn Sie uns Fotos Ihrer Briefmarkensammlung schicken wollen, nutzen Sie am besten den Dateitransferdienst\u00a0https:\/\/www.swisstransfer.com\/ um uns einen Link zu senden, \u00fcber den wir diese Bilder herunterladen k\u00f6nnen.\u00a0 Email : info@letimbreclassique.com","og_url":"https:\/\/www.letimbreclassique.com\/de\/verkaufen\/schaetzung-ihrer-briefmarken\/","og_site_name":"Le Timbre Classique","article_publisher":"https:\/\/www.linkedin.com\/company\/le-timbre-classique-sa","twitter_card":"summary_large_image","twitter_misc":{"Gesch\u00e4tzte Lesezeit":"3\u00a0Minuten"},"schema":{"@context":"https:\/\/schema.org","@graph":[{"@type":"WebPage","@id":"https:\/\/www.letimbreclassique.com\/de\/verkaufen\/schaetzung-ihrer-briefmarken\/","url":"https:\/\/www.letimbreclassique.com\/de\/verkaufen\/schaetzung-ihrer-briefmarken\/","name":"Sch\u00e4tzung Ihrer Briefmarken - Le Timbre Classique","isPartOf":{"@id":"https:\/\/www.letimbreclassique.com\/de\/#website"},"datePublished":"2022-03-22T10:27:06+00:00","breadcrumb":{"@id":"https:\/\/www.letimbreclassique.com\/de\/verkaufen\/schaetzung-ihrer-briefmarken\/#breadcrumb"},"inLanguage":"de","potentialAction":[{"@type":"ReadAction","target":["https:\/\/www.letimbreclassique.com\/de\/verkaufen\/schaetzung-ihrer-briefmarken\/"]}]},{"@type":"BreadcrumbList","@id":"https:\/\/www.letimbreclassique.com\/de\/verkaufen\/schaetzung-ihrer-briefmarken\/#breadcrumb","itemListElement":[{"@type":"ListItem","position":1,"name":"Accueil","item":"https:\/\/www.letimbreclassique.com\/de\/kaufen\/"},{"@type":"ListItem","position":2,"name":"VERKAUFEN","item":"https:\/\/www.letimbreclassique.com\/de\/vendre\/"},{"@type":"ListItem","position":3,"name":"Sch\u00e4tzung Ihrer Briefmarken"}]},{"@type":"WebSite","@id":"https:\/\/www.letimbreclassique.com\/de\/#website","url":"https:\/\/www.letimbreclassique.com\/de\/","name":"Le Timbre Classique","description":"Briefmarkenexpertise","publisher":{"@id":"https:\/\/www.letimbreclassique.com\/de\/#organization"},"potentialAction":[{"@type":"SearchAction","target":{"@type":"EntryPoint","urlTemplate":"https:\/\/www.letimbreclassique.com\/de\/?s={search_term_string}"},"query-input":{"@type":"PropertyValueSpecification","valueRequired":true,"valueName":"search_term_string"}}],"inLanguage":"de"},{"@type":"Organization","@id":"https:\/\/www.letimbreclassique.com\/de\/#organization","name":"Le Timbre classique","url":"https:\/\/www.letimbreclassique.com\/de\/","logo":{"@type":"ImageObject","inLanguage":"de","@id":"https:\/\/www.letimbreclassique.com\/de\/#\/schema\/logo\/image\/","url":"https:\/\/www.letimbreclassique.com\/wp-content\/uploads\/2021\/07\/Logo_LTC-1.png","contentUrl":"https:\/\/www.letimbreclassique.com\/wp-content\/uploads\/2021\/07\/Logo_LTC-1.png","width":885,"height":88,"caption":"Le Timbre classique"},"image":{"@id":"https:\/\/www.letimbreclassique.com\/de\/#\/schema\/logo\/image\/"},"sameAs":["https:\/\/www.linkedin.com\/company\/le-timbre-classique-sa"]}]}},"_links":{"self":[{"href":"https:\/\/www.letimbreclassique.com\/de\/wp-json\/wp\/v2\/pages\/33714","targetHints":{"allow":["GET"]}}],"collection":[{"href":"https:\/\/www.letimbreclassique.com\/de\/wp-json\/wp\/v2\/pages"}],"about":[{"href":"https:\/\/www.letimbreclassique.com\/de\/wp-json\/wp\/v2\/types\/page"}],"author":[{"embeddable":true,"href":"https:\/\/www.letimbreclassique.com\/de\/wp-json\/wp\/v2\/users\/1"}],"replies":[{"embeddable":true,"href":"https:\/\/www.letimbreclassique.com\/de\/wp-json\/wp\/v2\/comments?post=33714"}],"version-history":[{"count":2,"href":"https:\/\/www.letimbreclassique.com\/de\/wp-json\/wp\/v2\/pages\/33714\/revisions"}],"predecessor-version":[{"id":33716,"href":"https:\/\/www.letimbreclassique.com\/de\/wp-json\/wp\/v2\/pages\/33714\/revisions\/33716"}],"up":[{"embeddable":true,"href":"https:\/\/www.letimbreclassique.com\/de\/wp-json\/wp\/v2\/pages\/825"}],"wp:attachment":[{"href":"https:\/\/www.letimbreclassique.com\/de\/wp-json\/wp\/v2\/media?parent=33714"}],"curies":[{"name":"wp","href":"https:\/\/api.w.org\/{rel}","templated":true}]}}